{"id":329346,"date":"2026-03-06T01:45:22","date_gmt":"2026-03-06T01:45:22","guid":{"rendered":"https:\/\/grupotextil.es\/?post_type=product&#038;p=329346"},"modified":"2026-03-06T01:45:22","modified_gmt":"2026-03-06T01:45:22","slug":"panuelo-cuadrado-valento-fiesta","status":"publish","type":"product","link":"https:\/\/grupotextil.es\/en\/product\/panuelo-cuadrado-valento-fiesta\/","title":{"rendered":"Pa\u00f1uelo cuadrado VALENTO FIESTA"},"content":{"rendered":"<div class=\"product-description\">\n<div class=\"article_characteristics\">\n<ul style=\"margin-block-start: 0;\" >\n<li><b>Pa\u00f1uelo cuadrado<\/b>.<\/li>\n<li>Confeccionado en tejido de tafet\u00e1n brillante, ligero, resistente y duradero.<\/li>\n<li>Costura en todo el contorno con dobladillo de 3 mm que aumenta su resistencia.<\/li>\n<li>M\u00e9todos id\u00f3neos de marcaje: serigraf\u00eda, transfer, vinilo.<\/li>\n<li>Ideal para <b>fiestas populares<\/b> y vestir pe\u00f1as o charangas.<\/li>\n<\/ul><\/div>\n<\/div>\n<div class=\"product-pdf\">\n<p><a href=\"https:\/\/valento.es\/?service=ServeDocuments&amp;function=serve_datasheet&amp;article_ref=PNVACUA\" target=\"_blank\" rel=\"noopener\">Descargar ficha t\u00e9cnica (PDF)<\/a><\/p>\n<\/div>","protected":false},"excerpt":{"rendered":"<p>Pa\u00f1uelo cuadrado VALENTO FIESTA de Valento. Disponible en la categor\u00eda Panuelos Y Fajines. Env\u00edo r\u00e1pido 24\/48h.<\/p>","protected":false},"featured_media":329347,"comment_status":"open","ping_status":"closed","template":"","meta":{"_acf_changed":false},"product_brand":[11282],"product_cat":[13951,13974,13975],"product_tag":[],"class_list":{"0":"post-329346","1":"product","2":"type-product","3":"status-publish","4":"has-post-thumbnail","6":"product_brand-valento","7":"product_cat-bufandas-y-panuelos","8":"product_cat-ropa-hombre","9":"product_cat-ropa-mujer","10":"tm-no-options","12":"first","13":"instock","14":"taxable","15":"shipping-taxable","16":"product-type-variable"},"acf":[],"_links":{"self":[{"href":"https:\/\/grupotextil.es\/en\/wp-json\/wp\/v2\/product\/329346","targetHints":{"allow":["GET"]}}],"collection":[{"href":"https:\/\/grupotextil.es\/en\/wp-json\/wp\/v2\/product"}],"about":[{"href":"https:\/\/grupotextil.es\/en\/wp-json\/wp\/v2\/types\/product"}],"replies":[{"embeddable":true,"href":"https:\/\/grupotextil.es\/en\/wp-json\/wp\/v2\/comments?post=329346"}],"wp:featuredmedia":[{"embeddable":true,"href":"https:\/\/grupotextil.es\/en\/wp-json\/wp\/v2\/media\/329347"}],"wp:attachment":[{"href":"https:\/\/grupotextil.es\/en\/wp-json\/wp\/v2\/media?parent=329346"}],"wp:term":[{"taxonomy":"product_brand","embeddable":true,"href":"https:\/\/grupotextil.es\/en\/wp-json\/wp\/v2\/product_brand?post=329346"},{"taxonomy":"product_cat","embeddable":true,"href":"https:\/\/grupotextil.es\/en\/wp-json\/wp\/v2\/product_cat?post=329346"},{"taxonomy":"product_tag","embeddable":true,"href":"https:\/\/grupotextil.es\/en\/wp-json\/wp\/v2\/product_tag?post=329346"}],"curies":[{"name":"wp","href":"https:\/\/api.w.org\/{rel}","templated":true}]}}