{"id":329355,"date":"2026-03-06T01:45:25","date_gmt":"2026-03-06T01:45:25","guid":{"rendered":"https:\/\/grupotextil.es\/?post_type=product&#038;p=329355"},"modified":"2026-03-06T01:45:25","modified_gmt":"2026-03-06T01:45:25","slug":"panuelo-cuadrado-100-algodon-valento-motorcycle","status":"publish","type":"product","link":"https:\/\/grupotextil.es\/en\/product\/panuelo-cuadrado-100-algodon-valento-motorcycle\/","title":{"rendered":"Pa\u00f1uelo cuadrado 100% algod\u00f3n VALENTO MOTORCYCLE"},"content":{"rendered":"<div class=\"product-description\">\n<div class=\"article_characteristics\">\n<ul style=\"margin-block-start: 0;\" >\n<li><b>Pa\u00f1uelo cuadrado<\/b>.<\/li>\n<li>Confeccionado en tejido plano <b>100% algod\u00f3n<\/b> suave y confortable.<\/li>\n<li>Contorno con dobladillo que aumenta su resistencia.<\/li>\n<li>M\u00e9todos id\u00f3neos de marcaje: serigraf\u00eda, transfer, vinilo, bordados, cosidos.<\/li>\n<li>Ideal para diferentes usos: <b>fiestas populares<\/b>, vestir pe\u00f1as o charangas, casual.<\/li>\n<\/ul><\/div>\n<\/div>\n<div class=\"product-pdf\">\n<p><a href=\"https:\/\/valento.es\/?service=ServeDocuments&amp;function=serve_datasheet&amp;article_ref=PNVAMOT\" target=\"_blank\" rel=\"noopener\">Descargar ficha t\u00e9cnica (PDF)<\/a><\/p>\n<\/div>","protected":false},"excerpt":{"rendered":"<p>Pa\u00f1uelo cuadrado 100% algod\u00f3n VALENTO MOTORCYCLE de Valento. Disponible en la categor\u00eda Panuelos Y Fajines. Env\u00edo r\u00e1pido 24\/48h.<\/p>","protected":false},"featured_media":329356,"comment_status":"open","ping_status":"closed","template":"","meta":{"_acf_changed":false},"product_brand":[11282],"product_cat":[13951,13974,13975],"product_tag":[],"class_list":{"0":"post-329355","1":"product","2":"type-product","3":"status-publish","4":"has-post-thumbnail","6":"product_brand-valento","7":"product_cat-bufandas-y-panuelos","8":"product_cat-ropa-hombre","9":"product_cat-ropa-mujer","10":"tm-no-options","12":"first","13":"instock","14":"taxable","15":"shipping-taxable","16":"product-type-variable"},"acf":[],"_links":{"self":[{"href":"https:\/\/grupotextil.es\/en\/wp-json\/wp\/v2\/product\/329355","targetHints":{"allow":["GET"]}}],"collection":[{"href":"https:\/\/grupotextil.es\/en\/wp-json\/wp\/v2\/product"}],"about":[{"href":"https:\/\/grupotextil.es\/en\/wp-json\/wp\/v2\/types\/product"}],"replies":[{"embeddable":true,"href":"https:\/\/grupotextil.es\/en\/wp-json\/wp\/v2\/comments?post=329355"}],"wp:featuredmedia":[{"embeddable":true,"href":"https:\/\/grupotextil.es\/en\/wp-json\/wp\/v2\/media\/329356"}],"wp:attachment":[{"href":"https:\/\/grupotextil.es\/en\/wp-json\/wp\/v2\/media?parent=329355"}],"wp:term":[{"taxonomy":"product_brand","embeddable":true,"href":"https:\/\/grupotextil.es\/en\/wp-json\/wp\/v2\/product_brand?post=329355"},{"taxonomy":"product_cat","embeddable":true,"href":"https:\/\/grupotextil.es\/en\/wp-json\/wp\/v2\/product_cat?post=329355"},{"taxonomy":"product_tag","embeddable":true,"href":"https:\/\/grupotextil.es\/en\/wp-json\/wp\/v2\/product_tag?post=329355"}],"curies":[{"name":"wp","href":"https:\/\/api.w.org\/{rel}","templated":true}]}}