{"id":330377,"date":"2026-03-06T01:45:33","date_gmt":"2026-03-06T01:45:33","guid":{"rendered":"https:\/\/grupotextil.es\/?post_type=product&#038;p=330377"},"modified":"2026-03-06T01:45:33","modified_gmt":"2026-03-06T01:45:33","slug":"jersey-polar-con-cuello-alto-y-cremallera-valento-trekking","status":"publish","type":"product","link":"https:\/\/grupotextil.es\/en\/product\/jersey-polar-con-cuello-alto-y-cremallera-valento-trekking\/","title":{"rendered":"Jersey polar con cuello alto y cremallera VALENTO TREKKING"},"content":{"rendered":"<div class=\"product-description\">\n<div class=\"article_characteristics\">\n<ul style=\"margin-block-start: 0;\" >\n<li><b>Jersey polar<\/b> con cuello alto y <b>media cremallera<\/b>.<\/li>\n<li>Confeccionado en tejido micro-polar ligero con <b>anti-pilling<\/b> exterior para un mejor acabado, y perchado interior que aporta buena retenci\u00f3n t\u00e9rmica y confort.<\/li>\n<li>Cuello alto de doble capa con cierre de <b>media cremallera<\/b> central que aporta calidez o ventilaci\u00f3n adicional, seg\u00fan la estaci\u00f3n del a\u00f1o.<\/li>\n<li>Incluye protector de barbilla para mayor comodidad y confort.<\/li>\n<li>Doble costura en cuello, hombros, pu\u00f1os y bajo que aumenta su resistencia.<\/li>\n<li>M\u00e9todos id\u00f3neos de marcaje: bordados, cosidos.<\/li>\n<li>Ideal como <b>ropa laboral<\/b>, <b>textil promocional<\/b>, <b>ropa deportiva<\/b>, <b>deportes de aventura<\/b> y <b>ropa casual<\/b>.<\/li>\n<\/ul><\/div>\n<\/div>\n<div class=\"product-pdf\">\n<p><a href=\"https:\/\/valento.es\/?service=ServeDocuments&amp;function=serve_datasheet&amp;article_ref=FPVATRE\" target=\"_blank\" rel=\"noopener\">Descargar ficha t\u00e9cnica (PDF)<\/a><\/p>\n<\/div>","protected":false},"excerpt":{"rendered":"<p>Jersey polar con cuello alto y cremallera VALENTO TREKKING de Valento. Disponible en la categor\u00eda Polares. Env\u00edo r\u00e1pido 24\/48h.<\/p>","protected":false},"featured_media":330378,"comment_status":"open","ping_status":"closed","template":"","meta":{"_acf_changed":false},"product_brand":[11282],"product_cat":[13981,13990,13974,13975,13973],"product_tag":[],"class_list":{"0":"post-330377","1":"product","2":"type-product","3":"status-publish","4":"has-post-thumbnail","6":"product_brand-valento","7":"product_cat-h-chaquetas-y-abrigos","8":"product_cat-m-chaquetas-y-abrigos","9":"product_cat-ropa-hombre","10":"product_cat-ropa-mujer","11":"product_cat-ropa","12":"tm-no-options","14":"first","15":"instock","16":"taxable","17":"shipping-taxable","18":"product-type-variable"},"acf":[],"_links":{"self":[{"href":"https:\/\/grupotextil.es\/en\/wp-json\/wp\/v2\/product\/330377","targetHints":{"allow":["GET"]}}],"collection":[{"href":"https:\/\/grupotextil.es\/en\/wp-json\/wp\/v2\/product"}],"about":[{"href":"https:\/\/grupotextil.es\/en\/wp-json\/wp\/v2\/types\/product"}],"replies":[{"embeddable":true,"href":"https:\/\/grupotextil.es\/en\/wp-json\/wp\/v2\/comments?post=330377"}],"wp:featuredmedia":[{"embeddable":true,"href":"https:\/\/grupotextil.es\/en\/wp-json\/wp\/v2\/media\/330378"}],"wp:attachment":[{"href":"https:\/\/grupotextil.es\/en\/wp-json\/wp\/v2\/media?parent=330377"}],"wp:term":[{"taxonomy":"product_brand","embeddable":true,"href":"https:\/\/grupotextil.es\/en\/wp-json\/wp\/v2\/product_brand?post=330377"},{"taxonomy":"product_cat","embeddable":true,"href":"https:\/\/grupotextil.es\/en\/wp-json\/wp\/v2\/product_cat?post=330377"},{"taxonomy":"product_tag","embeddable":true,"href":"https:\/\/grupotextil.es\/en\/wp-json\/wp\/v2\/product_tag?post=330377"}],"curies":[{"name":"wp","href":"https:\/\/api.w.org\/{rel}","templated":true}]}}