{"id":331455,"date":"2026-03-06T01:46:03","date_gmt":"2026-03-06T01:46:03","guid":{"rendered":"https:\/\/grupotextil.es\/?post_type=product&#038;p=331455"},"modified":"2026-03-06T01:46:03","modified_gmt":"2026-03-06T01:46:03","slug":"jersey-polar-jaspeado-con-cuello-alto-valento-idaho","status":"publish","type":"product","link":"https:\/\/grupotextil.es\/en\/product\/jersey-polar-jaspeado-con-cuello-alto-valento-idaho\/","title":{"rendered":"Jersey polar jaspeado con cuello alto VALENTO IDAHO"},"content":{"rendered":"<div class=\"product-description\">\n<div class=\"article_characteristics\">\n<ul style=\"margin-block-start: 0;\" >\n<li><b>Jersey polar<\/b> con <b>media cremallera<\/b>.<\/li>\n<li>Confeccionado en tejido polar con <b>anti-pilling<\/b> exterior y perchado interior para mayor retenci\u00f3n t\u00e9rmica.<\/li>\n<li>Cuello alto con <b>media cremallera<\/b> y protector de barbilla para mayor comodidad.<\/li>\n<li>Mangas y bajo rectos, cuello, hombros, sisas y bajo con doble costura que aumenta su resistencia.<\/li>\n<li>M\u00e9todos id\u00f3neos de marcaje: bordados, cosidos.<\/li>\n<li>Ideal como <b>ropa deportiva<\/b>, <b>ropa laboral<\/b> y actividades f\u00edsicas al aire libre.<\/li>\n<\/ul><\/div>\n<\/div>\n<div class=\"product-pdf\">\n<p><a href=\"https:\/\/valento.es\/?service=ServeDocuments&amp;function=serve_datasheet&amp;article_ref=JEVAIDA\" target=\"_blank\" rel=\"noopener\">Descargar ficha t\u00e9cnica (PDF)<\/a><\/p>\n<\/div>","protected":false},"excerpt":{"rendered":"<p>Jersey polar jaspeado con cuello alto VALENTO IDAHO de Valento. Disponible en la categor\u00eda Polares. Env\u00edo r\u00e1pido 24\/48h.<\/p>","protected":false},"featured_media":331456,"comment_status":"open","ping_status":"closed","template":"","meta":{"_acf_changed":false},"product_brand":[11282],"product_cat":[13990,13981,13974,13975,13973,13989,13980],"product_tag":[],"class_list":{"0":"post-331455","1":"product","2":"type-product","3":"status-publish","4":"has-post-thumbnail","6":"product_brand-valento","7":"product_cat-m-chaquetas-y-abrigos","8":"product_cat-h-chaquetas-y-abrigos","9":"product_cat-ropa-hombre","10":"product_cat-ropa-mujer","11":"product_cat-ropa","12":"product_cat-m-sudaderas","13":"product_cat-h-sudaderas","14":"tm-no-options","16":"first","17":"instock","18":"taxable","19":"shipping-taxable","20":"product-type-variable"},"acf":[],"_links":{"self":[{"href":"https:\/\/grupotextil.es\/en\/wp-json\/wp\/v2\/product\/331455","targetHints":{"allow":["GET"]}}],"collection":[{"href":"https:\/\/grupotextil.es\/en\/wp-json\/wp\/v2\/product"}],"about":[{"href":"https:\/\/grupotextil.es\/en\/wp-json\/wp\/v2\/types\/product"}],"replies":[{"embeddable":true,"href":"https:\/\/grupotextil.es\/en\/wp-json\/wp\/v2\/comments?post=331455"}],"wp:featuredmedia":[{"embeddable":true,"href":"https:\/\/grupotextil.es\/en\/wp-json\/wp\/v2\/media\/331456"}],"wp:attachment":[{"href":"https:\/\/grupotextil.es\/en\/wp-json\/wp\/v2\/media?parent=331455"}],"wp:term":[{"taxonomy":"product_brand","embeddable":true,"href":"https:\/\/grupotextil.es\/en\/wp-json\/wp\/v2\/product_brand?post=331455"},{"taxonomy":"product_cat","embeddable":true,"href":"https:\/\/grupotextil.es\/en\/wp-json\/wp\/v2\/product_cat?post=331455"},{"taxonomy":"product_tag","embeddable":true,"href":"https:\/\/grupotextil.es\/en\/wp-json\/wp\/v2\/product_tag?post=331455"}],"curies":[{"name":"wp","href":"https:\/\/api.w.org\/{rel}","templated":true}]}}