{"id":336187,"date":"2026-03-06T01:47:05","date_gmt":"2026-03-06T01:47:05","guid":{"rendered":"https:\/\/grupotextil.es\/?post_type=product&#038;p=336187"},"modified":"2026-03-06T01:47:05","modified_gmt":"2026-03-06T01:47:05","slug":"polo-de-manga-corta-con-cuello-camisero-valento-wisconsin","status":"publish","type":"product","link":"https:\/\/grupotextil.es\/en\/product\/polo-de-manga-corta-con-cuello-camisero-valento-wisconsin\/","title":{"rendered":"Polo de manga corta con cuello camisero VALENTO WISCONSIN"},"content":{"rendered":"<div class=\"product-description\">\n<div class=\"article_characteristics\">\n<ul style=\"margin-block-start: 0;\" >\n<li><b>Polo t\u00e9cnico<\/b> de <b>manga corta<\/b> y dise\u00f1o en colores lisos.<\/li>\n<li>Confeccionado en <b>tejido t\u00e9cnico transpirable<\/b> pique <b>100% poli\u00e9ster<\/b> con <b>fibra lobular<\/b> que favorece la eliminaci\u00f3n del sudor mediante sus canales y tratamiento <b>antibacteriano<\/b> que reduce la proliferaci\u00f3n de olores.<\/li>\n<li>Cuello tipo camisero con botones en las solapas y cierre de tapeta central con dos botones, todos a tono.<\/li>\n<li>Bocamangas con dobladillo exterior y doble pespunte que aumenta su resistencia.<\/li>\n<li>Bolsillo oculto en ambas mangas para guardar bol\u00edgrafos.<\/li>\n<li>M\u00e9todos id\u00f3neos de marcaje: <b>sublimaci\u00f3n<\/b> sobre color blanco, serigraf\u00eda, transfer, bordados, cosidos.<\/li>\n<li>Ideal como <b>ropa laboral<\/b>, <b>uniformes de trabajo<\/b> y <b>textil promocional<\/b>.<\/li>\n<\/ul><\/div>\n<\/div>\n<div class=\"product-pdf\">\n<p><a href=\"https:\/\/valento.es\/?service=ServeDocuments&amp;function=serve_datasheet&amp;article_ref=POVAWIS\" target=\"_blank\" rel=\"noopener\">Descargar ficha t\u00e9cnica (PDF)<\/a><\/p>\n<\/div>","protected":false},"excerpt":{"rendered":"<p>Polo de manga corta con cuello camisero VALENTO WISCONSIN de Valento. Disponible en la categor\u00eda Polos. Env\u00edo r\u00e1pido 24\/48h.<\/p>","protected":false},"featured_media":336188,"comment_status":"open","ping_status":"closed","template":"","meta":{"_acf_changed":false},"product_brand":[11282],"product_cat":[13974,13975,13988,13979,13973],"product_tag":[],"class_list":{"0":"post-336187","1":"product","2":"type-product","3":"status-publish","4":"has-post-thumbnail","6":"product_brand-valento","7":"product_cat-ropa-hombre","8":"product_cat-ropa-mujer","9":"product_cat-m-polos","10":"product_cat-h-polos","11":"product_cat-ropa","12":"tm-no-options","14":"first","15":"instock","16":"taxable","17":"shipping-taxable","18":"product-type-variable"},"acf":[],"_links":{"self":[{"href":"https:\/\/grupotextil.es\/en\/wp-json\/wp\/v2\/product\/336187","targetHints":{"allow":["GET"]}}],"collection":[{"href":"https:\/\/grupotextil.es\/en\/wp-json\/wp\/v2\/product"}],"about":[{"href":"https:\/\/grupotextil.es\/en\/wp-json\/wp\/v2\/types\/product"}],"replies":[{"embeddable":true,"href":"https:\/\/grupotextil.es\/en\/wp-json\/wp\/v2\/comments?post=336187"}],"wp:featuredmedia":[{"embeddable":true,"href":"https:\/\/grupotextil.es\/en\/wp-json\/wp\/v2\/media\/336188"}],"wp:attachment":[{"href":"https:\/\/grupotextil.es\/en\/wp-json\/wp\/v2\/media?parent=336187"}],"wp:term":[{"taxonomy":"product_brand","embeddable":true,"href":"https:\/\/grupotextil.es\/en\/wp-json\/wp\/v2\/product_brand?post=336187"},{"taxonomy":"product_cat","embeddable":true,"href":"https:\/\/grupotextil.es\/en\/wp-json\/wp\/v2\/product_cat?post=336187"},{"taxonomy":"product_tag","embeddable":true,"href":"https:\/\/grupotextil.es\/en\/wp-json\/wp\/v2\/product_tag?post=336187"}],"curies":[{"name":"wp","href":"https:\/\/api.w.org\/{rel}","templated":true}]}}