{"id":337065,"date":"2026-03-06T01:47:18","date_gmt":"2026-03-06T01:47:18","guid":{"rendered":"https:\/\/grupotextil.es\/?post_type=product&#038;p=337065"},"modified":"2026-03-06T01:47:18","modified_gmt":"2026-03-06T01:47:18","slug":"bluson-de-fiesta-valento-charanga","status":"publish","type":"product","link":"https:\/\/grupotextil.es\/en\/product\/bluson-de-fiesta-valento-charanga\/","title":{"rendered":"Blus\u00f3n de fiesta VALENTO CHARANGA"},"content":{"rendered":"<div class=\"product-description\">\n<div class=\"article_characteristics\">\n<ul style=\"margin-block-start: 0;\" >\n<li><b>Blus\u00f3n<\/b> de <b>manga larga<\/b> para <b>fiestas populares<\/b>.<\/li>\n<li>Confeccionado en tejido de popel\u00edn mezcla algod\u00f3n con poli\u00e9ster resistente y duradero.<\/li>\n<li>Cuello redondo elevado y cierre frontal con botones, incluyendo espacio en la parte inferior para el cierre opcional con nudo.<\/li>\n<li>Canes\u00fa con fruncido en la parte superior para una mayor holgura y comodidad.<\/li>\n<li><b>Manga larga<\/b> con pu\u00f1o abotonado para un mejor ajuste.<\/li>\n<li>M\u00e9todos id\u00f3neos de marcaje: serigraf\u00eda, vinilo, transfer, bordados, cosidos.<\/li>\n<li>Ideal como <b>textil promocional<\/b>, ropa para <b>fiestas populares<\/b> y vestir pe\u00f1as o charangas.<\/li>\n<\/ul><\/div>\n<\/div>\n<div class=\"product-pdf\">\n<p><a href=\"https:\/\/valento.es\/?service=ServeDocuments&amp;function=serve_datasheet&amp;article_ref=CSVACHA\" target=\"_blank\" rel=\"noopener\">Descargar ficha t\u00e9cnica (PDF)<\/a><\/p>\n<\/div>","protected":false},"excerpt":{"rendered":"<p>Blus\u00f3n de fiesta VALENTO CHARANGA de Valento. Disponible en la categor\u00eda Ropa De Fiesta. Env\u00edo r\u00e1pido 24\/48h.<\/p>","protected":false},"featured_media":337066,"comment_status":"open","ping_status":"closed","template":"","meta":{"_acf_changed":false},"product_brand":[11282],"product_cat":[13938],"product_tag":[],"class_list":{"0":"post-337065","1":"product","2":"type-product","3":"status-publish","4":"has-post-thumbnail","6":"product_brand-valento","7":"product_cat-camisas-corporativas","8":"tm-no-options","10":"first","11":"instock","12":"taxable","13":"shipping-taxable","14":"product-type-variable"},"acf":[],"_links":{"self":[{"href":"https:\/\/grupotextil.es\/en\/wp-json\/wp\/v2\/product\/337065","targetHints":{"allow":["GET"]}}],"collection":[{"href":"https:\/\/grupotextil.es\/en\/wp-json\/wp\/v2\/product"}],"about":[{"href":"https:\/\/grupotextil.es\/en\/wp-json\/wp\/v2\/types\/product"}],"replies":[{"embeddable":true,"href":"https:\/\/grupotextil.es\/en\/wp-json\/wp\/v2\/comments?post=337065"}],"wp:featuredmedia":[{"embeddable":true,"href":"https:\/\/grupotextil.es\/en\/wp-json\/wp\/v2\/media\/337066"}],"wp:attachment":[{"href":"https:\/\/grupotextil.es\/en\/wp-json\/wp\/v2\/media?parent=337065"}],"wp:term":[{"taxonomy":"product_brand","embeddable":true,"href":"https:\/\/grupotextil.es\/en\/wp-json\/wp\/v2\/product_brand?post=337065"},{"taxonomy":"product_cat","embeddable":true,"href":"https:\/\/grupotextil.es\/en\/wp-json\/wp\/v2\/product_cat?post=337065"},{"taxonomy":"product_tag","embeddable":true,"href":"https:\/\/grupotextil.es\/en\/wp-json\/wp\/v2\/product_tag?post=337065"}],"curies":[{"name":"wp","href":"https:\/\/api.w.org\/{rel}","templated":true}]}}