{"id":338495,"date":"2026-03-06T01:47:53","date_gmt":"2026-03-06T01:47:53","guid":{"rendered":"https:\/\/grupotextil.es\/?post_type=product&#038;p=338495"},"modified":"2026-03-06T01:47:53","modified_gmt":"2026-03-06T01:47:53","slug":"camiseta-termica-manga-larga-valento-syrax","status":"publish","type":"product","link":"https:\/\/grupotextil.es\/en\/product\/camiseta-termica-manga-larga-valento-syrax\/","title":{"rendered":"T-Shirt t\u00e9rmica Long Sleeve VALENTO SYRAX"},"content":{"rendered":"<div class=\"product-description\">\n<div class=\"article_characteristics\">\n<ul style=\"margin-block-start: 0;\" >\n<li><b>Camiseta t\u00e9rmica<\/b> de <b>manga larga<\/b>.<\/li>\n<li>Confeccionada en <b>tejido transpirable<\/b> Intarsia 2D de gran elasticidad, tejido Jacquard micro-perforado en axilas, torso y espalda para mayor ventilaci\u00f3n.<\/li>\n<li>Ensamblada mediante los m\u00e9todos seamless (<b>sin costuras<\/b>) y flat seam (costuras planas) que minimizan el roce con la piel.<\/li>\n<li>Dise\u00f1o anat\u00f3mico y din\u00e1mico que aporta mayor movilidad.<\/li>\n<li><b>Cuello redondo<\/b> con cinta interior de refuerzo que mantiene su forma.<\/li>\n<li>Bajo de canal\u00e9 el\u00e1stico que se adapta c\u00f3modamente, pu\u00f1os de canal\u00e9 extra el\u00e1stico con costura invisible para mayor confort.<\/li>\n<li>Ideal como ropa de monta\u00f1a y prenda interior para actividades que requieran esfuerzo f\u00edsico.<\/li>\n<\/ul><\/div>\n<\/div>\n<div class=\"product-pdf\">\n<p><a href=\"https:\/\/valento.es\/?service=ServeDocuments&amp;function=serve_datasheet&amp;article_ref=CAVASYR\" target=\"_blank\" rel=\"noopener\">Descargar ficha t\u00e9cnica (PDF)<\/a><\/p>\n<\/div>","protected":false},"excerpt":{"rendered":"<p>Camiseta t\u00e9rmica manga larga VALENTO SYRAX de Valento. Disponible en la categor\u00eda Ropa Termica. Env\u00edo r\u00e1pido 24\/48h.<\/p>","protected":false},"featured_media":338496,"comment_status":"open","ping_status":"closed","template":"","meta":{"_acf_changed":false},"product_brand":[11282],"product_cat":[13977,13986,13974,13975,13973],"product_tag":[],"class_list":{"0":"post-338495","1":"product","2":"type-product","3":"status-publish","4":"has-post-thumbnail","6":"product_brand-valento","7":"product_cat-h-camisetas-manga-corta","8":"product_cat-m-camisetas-manga-corta","9":"product_cat-ropa-hombre","10":"product_cat-ropa-mujer","11":"product_cat-ropa","12":"tm-no-options","14":"first","15":"instock","16":"taxable","17":"shipping-taxable","18":"product-type-variable"},"acf":[],"_links":{"self":[{"href":"https:\/\/grupotextil.es\/en\/wp-json\/wp\/v2\/product\/338495","targetHints":{"allow":["GET"]}}],"collection":[{"href":"https:\/\/grupotextil.es\/en\/wp-json\/wp\/v2\/product"}],"about":[{"href":"https:\/\/grupotextil.es\/en\/wp-json\/wp\/v2\/types\/product"}],"replies":[{"embeddable":true,"href":"https:\/\/grupotextil.es\/en\/wp-json\/wp\/v2\/comments?post=338495"}],"wp:featuredmedia":[{"embeddable":true,"href":"https:\/\/grupotextil.es\/en\/wp-json\/wp\/v2\/media\/338496"}],"wp:attachment":[{"href":"https:\/\/grupotextil.es\/en\/wp-json\/wp\/v2\/media?parent=338495"}],"wp:term":[{"taxonomy":"product_brand","embeddable":true,"href":"https:\/\/grupotextil.es\/en\/wp-json\/wp\/v2\/product_brand?post=338495"},{"taxonomy":"product_cat","embeddable":true,"href":"https:\/\/grupotextil.es\/en\/wp-json\/wp\/v2\/product_cat?post=338495"},{"taxonomy":"product_tag","embeddable":true,"href":"https:\/\/grupotextil.es\/en\/wp-json\/wp\/v2\/product_tag?post=338495"}],"curies":[{"name":"wp","href":"https:\/\/api.w.org\/{rel}","templated":true}]}}