{"id":345020,"date":"2026-03-06T01:49:38","date_gmt":"2026-03-06T01:49:38","guid":{"rendered":"https:\/\/grupotextil.es\/?post_type=product&#038;p=345020"},"modified":"2026-03-06T01:49:38","modified_gmt":"2026-03-06T01:49:38","slug":"sudadera-cuello-polo-cintura-elastica-valento-chester","status":"publish","type":"product","link":"https:\/\/grupotextil.es\/en\/product\/sudadera-cuello-polo-cintura-elastica-valento-chester\/","title":{"rendered":"Sudadera cuello polo cintura el\u00e1stica VALENTO CHESTER"},"content":{"rendered":"<div class=\"product-description\">\n<div class=\"article_characteristics\">\n<ul style=\"margin-block-start: 0;\" >\n<li><b>Sudadera<\/b> con <b>cuello de polo<\/b> y bajo el\u00e1stico.<\/li>\n<li>Confeccionada en tejido felpa mezcla algod\u00f3n con poli\u00e9ster resistente y duradero con perchado interior para mayor retenci\u00f3n t\u00e9rmica y confort.<\/li>\n<li><b>Cuello de polo<\/b> con cierre de tapeta central con dos botones a tono.<\/li>\n<li>Pu\u00f1os y bajo de canal\u00e9 el\u00e1stico que se adapta c\u00f3modamente.<\/li>\n<li>Doble pespunte en cuello, hombros, sisas, pu\u00f1os y bajo que aumenta su resistencia.<\/li>\n<li>M\u00e9todos id\u00f3neos de marcaje: serigraf\u00eda, transfer, bordados, cosidos.<\/li>\n<li>Ideal como <b>ropa laboral<\/b>, <b>textil promocional<\/b> y <b>ropa casual<\/b>.<\/li>\n<\/ul><\/div>\n<\/div>\n<div class=\"product-pdf\">\n<p><a href=\"https:\/\/valento.es\/?service=ServeDocuments&amp;function=serve_datasheet&amp;article_ref=SUVACPE\" target=\"_blank\" rel=\"noopener\">Descargar ficha t\u00e9cnica (PDF)<\/a><\/p>\n<\/div>","protected":false},"excerpt":{"rendered":"<p>Sudadera cuello polo cintura el\u00e1stica VALENTO CHESTER de Valento. Disponible en la categor\u00eda Sudaderas. Env\u00edo r\u00e1pido 24\/48h.<\/p>","protected":false},"featured_media":345021,"comment_status":"open","ping_status":"closed","template":"","meta":{"_acf_changed":false},"product_brand":[11282],"product_cat":[13974,13975,13973,13980,13989],"product_tag":[],"class_list":{"0":"post-345020","1":"product","2":"type-product","3":"status-publish","4":"has-post-thumbnail","6":"product_brand-valento","7":"product_cat-ropa-hombre","8":"product_cat-ropa-mujer","9":"product_cat-ropa","10":"product_cat-h-sudaderas","11":"product_cat-m-sudaderas","12":"tm-no-options","14":"first","15":"instock","16":"taxable","17":"shipping-taxable","18":"product-type-variable"},"acf":[],"_links":{"self":[{"href":"https:\/\/grupotextil.es\/en\/wp-json\/wp\/v2\/product\/345020","targetHints":{"allow":["GET"]}}],"collection":[{"href":"https:\/\/grupotextil.es\/en\/wp-json\/wp\/v2\/product"}],"about":[{"href":"https:\/\/grupotextil.es\/en\/wp-json\/wp\/v2\/types\/product"}],"replies":[{"embeddable":true,"href":"https:\/\/grupotextil.es\/en\/wp-json\/wp\/v2\/comments?post=345020"}],"wp:featuredmedia":[{"embeddable":true,"href":"https:\/\/grupotextil.es\/en\/wp-json\/wp\/v2\/media\/345021"}],"wp:attachment":[{"href":"https:\/\/grupotextil.es\/en\/wp-json\/wp\/v2\/media?parent=345020"}],"wp:term":[{"taxonomy":"product_brand","embeddable":true,"href":"https:\/\/grupotextil.es\/en\/wp-json\/wp\/v2\/product_brand?post=345020"},{"taxonomy":"product_cat","embeddable":true,"href":"https:\/\/grupotextil.es\/en\/wp-json\/wp\/v2\/product_cat?post=345020"},{"taxonomy":"product_tag","embeddable":true,"href":"https:\/\/grupotextil.es\/en\/wp-json\/wp\/v2\/product_tag?post=345020"}],"curies":[{"name":"wp","href":"https:\/\/api.w.org\/{rel}","templated":true}]}}