{"id":345253,"date":"2026-03-06T01:49:58","date_gmt":"2026-03-06T01:49:58","guid":{"rendered":"https:\/\/grupotextil.es\/?post_type=product&#038;p=345253"},"modified":"2026-03-06T01:49:58","modified_gmt":"2026-03-06T01:49:58","slug":"funda-de-cojin-valento-nora","status":"publish","type":"product","link":"https:\/\/grupotextil.es\/en\/product\/funda-de-cojin-valento-nora\/","title":{"rendered":"Funda de coj\u00edn VALENTO NORA"},"content":{"rendered":"<div class=\"product-description\">\n<div class=\"article_characteristics\">\n<ul style=\"margin-block-start: 0;\" >\n<li><b>Funda de coj\u00edn<\/b>, en varios tama\u00f1os.<\/li>\n<li>Confeccionada en tejido plano, suave y ligero de microfibra.<\/li>\n<li>Cremallera oculta en un lateral para un mejor acabado.<\/li>\n<li>Costuras interiores con doble pespunte para mayor durabilidad y resistencia.<\/li>\n<li>M\u00e9todos id\u00f3neos de marcaje: <b>sublimaci\u00f3n<\/b>, serigraf\u00eda, bordados, cosidos.<\/li>\n<li>Ideal para el hogar, <b>regalo personalizado<\/b> y para combinar con el relleno de coj\u00edn CRANE.<\/li>\n<\/ul><\/div>\n<\/div>\n<div class=\"product-pdf\">\n<p><a href=\"https:\/\/valento.es\/?service=ServeDocuments&amp;function=serve_datasheet&amp;article_ref=COVANOR\" target=\"_blank\" rel=\"noopener\">Descargar ficha t\u00e9cnica (PDF)<\/a><\/p>\n<\/div>","protected":false},"excerpt":{"rendered":"<p>Funda de coj\u00edn VALENTO NORA de Valento. Disponible en la categor\u00eda Textil Hogar. Env\u00edo r\u00e1pido 24\/48h.<\/p>","protected":false},"featured_media":345254,"comment_status":"open","ping_status":"closed","template":"","meta":{"_acf_changed":false},"product_brand":[11282],"product_cat":[13956],"product_tag":[],"class_list":{"0":"post-345253","1":"product","2":"type-product","3":"status-publish","4":"has-post-thumbnail","6":"product_brand-valento","7":"product_cat-corbatas-y-pajaritas","8":"tm-no-options","10":"first","11":"instock","12":"taxable","13":"shipping-taxable","14":"product-type-variable"},"acf":[],"_links":{"self":[{"href":"https:\/\/grupotextil.es\/en\/wp-json\/wp\/v2\/product\/345253","targetHints":{"allow":["GET"]}}],"collection":[{"href":"https:\/\/grupotextil.es\/en\/wp-json\/wp\/v2\/product"}],"about":[{"href":"https:\/\/grupotextil.es\/en\/wp-json\/wp\/v2\/types\/product"}],"replies":[{"embeddable":true,"href":"https:\/\/grupotextil.es\/en\/wp-json\/wp\/v2\/comments?post=345253"}],"wp:featuredmedia":[{"embeddable":true,"href":"https:\/\/grupotextil.es\/en\/wp-json\/wp\/v2\/media\/345254"}],"wp:attachment":[{"href":"https:\/\/grupotextil.es\/en\/wp-json\/wp\/v2\/media?parent=345253"}],"wp:term":[{"taxonomy":"product_brand","embeddable":true,"href":"https:\/\/grupotextil.es\/en\/wp-json\/wp\/v2\/product_brand?post=345253"},{"taxonomy":"product_cat","embeddable":true,"href":"https:\/\/grupotextil.es\/en\/wp-json\/wp\/v2\/product_cat?post=345253"},{"taxonomy":"product_tag","embeddable":true,"href":"https:\/\/grupotextil.es\/en\/wp-json\/wp\/v2\/product_tag?post=345253"}],"curies":[{"name":"wp","href":"https:\/\/api.w.org\/{rel}","templated":true}]}}