{"id":345481,"date":"2026-03-06T01:50:31","date_gmt":"2026-03-06T01:50:31","guid":{"rendered":"https:\/\/grupotextil.es\/?post_type=product&#038;p=345481"},"modified":"2026-03-06T01:50:31","modified_gmt":"2026-03-06T01:50:31","slug":"toalla-de-algodon-apta-para-hosteleria-valento-medusa","status":"publish","type":"product","link":"https:\/\/grupotextil.es\/en\/product\/toalla-de-algodon-apta-para-hosteleria-valento-medusa\/","title":{"rendered":"Toalla de algod\u00f3n apta para hosteler\u00eda VALENTO MEDUSA"},"content":{"rendered":"<div class=\"product-description\">\n<div class=\"article_characteristics\">\n<ul style=\"margin-block-start: 0;\" >\n<li><b>Toalla<\/b> de ducha.<\/li>\n<li>Confeccionada en tejido <b>100% algod\u00f3n<\/b> de alta densidad con rizo de alta capacidad absorbente.<\/li>\n<li>Textura con bucles rizados que aportan suavidad extra.<\/li>\n<li>Cenefa decorativa cl\u00e1sica de estilo griego en uno de los extremos y contornos con dobladillo que aumenta su durabilidad.<\/li>\n<li>M\u00e9todos id\u00f3neos de marcaje: bordados, cosidos.<\/li>\n<li>Ideal para uso en <b>hosteler\u00eda<\/b>, hoteles, gimnasios y apta para lavado industrial, combina y completa el juego con las <b>toallas<\/b> REEF, STELLA, SIRIUS  y CORAL.<\/li>\n<\/ul><\/div>\n<\/div>\n<div class=\"product-pdf\">\n<p><a href=\"https:\/\/valento.es\/?service=ServeDocuments&amp;function=serve_datasheet&amp;article_ref=TOVAMED\" target=\"_blank\" rel=\"noopener\">Descargar ficha t\u00e9cnica (PDF)<\/a><\/p>\n<\/div>","protected":false},"excerpt":{"rendered":"<p>Toalla de algod\u00f3n apta para hosteler\u00eda VALENTO MEDUSA de Valento. Disponible en la categor\u00eda Toallas Y Albornoces. Env\u00edo r\u00e1pido 24\/48h.<\/p>","protected":false},"featured_media":345482,"comment_status":"open","ping_status":"closed","template":"","meta":{"_acf_changed":false},"product_brand":[11282],"product_cat":[13974,13975,13970],"product_tag":[],"class_list":{"0":"post-345481","1":"product","2":"type-product","3":"status-publish","4":"has-post-thumbnail","6":"product_brand-valento","7":"product_cat-ropa-hombre","8":"product_cat-ropa-mujer","9":"product_cat-toallas-y-textil-hogar","10":"tm-no-options","12":"first","13":"instock","14":"taxable","15":"shipping-taxable","16":"product-type-variable"},"acf":[],"_links":{"self":[{"href":"https:\/\/grupotextil.es\/en\/wp-json\/wp\/v2\/product\/345481","targetHints":{"allow":["GET"]}}],"collection":[{"href":"https:\/\/grupotextil.es\/en\/wp-json\/wp\/v2\/product"}],"about":[{"href":"https:\/\/grupotextil.es\/en\/wp-json\/wp\/v2\/types\/product"}],"replies":[{"embeddable":true,"href":"https:\/\/grupotextil.es\/en\/wp-json\/wp\/v2\/comments?post=345481"}],"wp:featuredmedia":[{"embeddable":true,"href":"https:\/\/grupotextil.es\/en\/wp-json\/wp\/v2\/media\/345482"}],"wp:attachment":[{"href":"https:\/\/grupotextil.es\/en\/wp-json\/wp\/v2\/media?parent=345481"}],"wp:term":[{"taxonomy":"product_brand","embeddable":true,"href":"https:\/\/grupotextil.es\/en\/wp-json\/wp\/v2\/product_brand?post=345481"},{"taxonomy":"product_cat","embeddable":true,"href":"https:\/\/grupotextil.es\/en\/wp-json\/wp\/v2\/product_cat?post=345481"},{"taxonomy":"product_tag","embeddable":true,"href":"https:\/\/grupotextil.es\/en\/wp-json\/wp\/v2\/product_tag?post=345481"}],"curies":[{"name":"wp","href":"https:\/\/api.w.org\/{rel}","templated":true}]}}