{"id":345541,"date":"2026-03-06T01:50:51","date_gmt":"2026-03-06T01:50:51","guid":{"rendered":"https:\/\/grupotextil.es\/?post_type=product&#038;p=345541"},"modified":"2026-03-06T01:50:51","modified_gmt":"2026-03-06T01:50:51","slug":"bolsa-de-tela-para-el-colegio-valento-snack","status":"publish","type":"product","link":"https:\/\/grupotextil.es\/en\/product\/bolsa-de-tela-para-el-colegio-valento-snack\/","title":{"rendered":"Bolsa de tela para el colegio VALENTO SNACK"},"content":{"rendered":"<div class=\"product-description\">\n<div class=\"article_characteristics\">\n<ul style=\"margin-block-start: 0;\" >\n<li><b>Bolsa de tela<\/b> rectangular con cierre de cord\u00f3n para guardar almuerzo o merienda.<\/li>\n<li>Confeccionada en tejido plano de hilo tintado en dise\u00f1o <b>a cuadros<\/b>, mezcla algod\u00f3n con poli\u00e9ster, resistente y duradero.<\/li>\n<li>Cierre mediante cord\u00f3n superior de f\u00e1cil sujeci\u00f3n.<\/li>\n<li>M\u00e9todos id\u00f3neos de marcaje: serigraf\u00eda, transfer, bordados, cosidos.<\/li>\n<li>Ideal para uso en guarder\u00edas, escuelas infantiles, como <b>regalo personalizado<\/b> y <b>regalo promocional<\/b>.<\/li>\n<\/ul><\/div>\n<\/div>\n<div class=\"product-pdf\">\n<p><a href=\"https:\/\/valento.es\/?service=ServeDocuments&amp;function=serve_datasheet&amp;article_ref=BOVASNA\" target=\"_blank\" rel=\"noopener\">Descargar ficha t\u00e9cnica (PDF)<\/a><\/p>\n<\/div>","protected":false},"excerpt":{"rendered":"<p>Bolsa de tela para el colegio VALENTO SNACK de Valento. Disponible en la categor\u00eda Uniforme Escolar. Env\u00edo r\u00e1pido 24\/48h.<\/p>","protected":false},"featured_media":345542,"comment_status":"open","ping_status":"closed","template":"","meta":{"_acf_changed":false},"product_brand":[11282],"product_cat":[13974,13975],"product_tag":[],"class_list":{"0":"post-345541","1":"product","2":"type-product","3":"status-publish","4":"has-post-thumbnail","6":"product_brand-valento","7":"product_cat-ropa-hombre","8":"product_cat-ropa-mujer","9":"tm-no-options","11":"first","12":"instock","13":"taxable","14":"shipping-taxable","15":"product-type-variable"},"acf":[],"_links":{"self":[{"href":"https:\/\/grupotextil.es\/en\/wp-json\/wp\/v2\/product\/345541","targetHints":{"allow":["GET"]}}],"collection":[{"href":"https:\/\/grupotextil.es\/en\/wp-json\/wp\/v2\/product"}],"about":[{"href":"https:\/\/grupotextil.es\/en\/wp-json\/wp\/v2\/types\/product"}],"replies":[{"embeddable":true,"href":"https:\/\/grupotextil.es\/en\/wp-json\/wp\/v2\/comments?post=345541"}],"wp:featuredmedia":[{"embeddable":true,"href":"https:\/\/grupotextil.es\/en\/wp-json\/wp\/v2\/media\/345542"}],"wp:attachment":[{"href":"https:\/\/grupotextil.es\/en\/wp-json\/wp\/v2\/media?parent=345541"}],"wp:term":[{"taxonomy":"product_brand","embeddable":true,"href":"https:\/\/grupotextil.es\/en\/wp-json\/wp\/v2\/product_brand?post=345541"},{"taxonomy":"product_cat","embeddable":true,"href":"https:\/\/grupotextil.es\/en\/wp-json\/wp\/v2\/product_cat?post=345541"},{"taxonomy":"product_tag","embeddable":true,"href":"https:\/\/grupotextil.es\/en\/wp-json\/wp\/v2\/product_tag?post=345541"}],"curies":[{"name":"wp","href":"https:\/\/api.w.org\/{rel}","templated":true}]}}