{"id":345680,"date":"2026-03-06T01:51:00","date_gmt":"2026-03-06T01:51:00","guid":{"rendered":"https:\/\/grupotextil.es\/?post_type=product&#038;p=345680"},"modified":"2026-03-06T01:51:00","modified_gmt":"2026-03-06T01:51:00","slug":"pantalon-multibolsillos-visibilidad-realzada-valento-drill","status":"publish","type":"product","link":"https:\/\/grupotextil.es\/en\/product\/pantalon-multibolsillos-visibilidad-realzada-valento-drill\/","title":{"rendered":"Pantal\u00f3n multibolsillos Visibilidad Realzada VALENTO DRILL"},"content":{"rendered":"<div class=\"product-description\">\n<div class=\"article_characteristics\">\n<ul style=\"margin-block-start: 0;\" >\n<li><b>Pantal\u00f3n de trabajo<\/b> <b>multibolsillos<\/b> de <b>Visibilidad Realzada<\/b>.<\/li>\n<li>Confeccionado en tejido sarga mezcla algod\u00f3n con poli\u00e9ster que aporta durabilidad y resistencia, incluye dos <b>cintas retro-reflectantes<\/b> cosidas en las perneras para mayor seguridad.<\/li>\n<li>Prenda certificada como EPI de Categor\u00eda II de <b>Visibilidad Realzada<\/b> en base a las normas 13688 y 17353, tipo B2 para visibilidad nocturna, con duraci\u00f3n m\u00e1xima de 25 lavados.<\/li>\n<li>Dos bolsillos oblicuos en las caderas, uno trasero derecho y dos laterales con tapeta y velcro, para tener todo accesible y disponible.<\/li>\n<li>Costuras principales dobles y puntos de mayor tracci\u00f3n reforzados con presillas de seguridad que aportan durabilidad y resistencia.<\/li>\n<li>M\u00e9todos id\u00f3neos de marcaje: serigraf\u00eda, transfer, vinilo, bordados, cosidos.<\/li>\n<li>Ideal como <b>ropa laboral<\/b> y <b>uniformes de trabajo<\/b>.<\/li>\n<\/ul><\/div>\n<\/div>\n<div class=\"product-pdf\">\n<p><a href=\"https:\/\/valento.es\/?service=ServeDocuments&amp;function=serve_datasheet&amp;article_ref=PAVADRI\" target=\"_blank\" rel=\"noopener\">Descargar ficha t\u00e9cnica (PDF)<\/a><\/p>\n<\/div>","protected":false},"excerpt":{"rendered":"<p>Pantal\u00f3n multibolsillos Visibilidad Realzada VALENTO DRILL de Valento. Disponible en la categor\u00eda Visibilidad Realzada. Env\u00edo r\u00e1pido 24\/48h.<\/p>","protected":false},"featured_media":345681,"comment_status":"open","ping_status":"closed","template":"","meta":{"_acf_changed":false},"product_brand":[11282],"product_cat":[13974,13975,13983,13992,13973],"product_tag":[],"class_list":{"0":"post-345680","1":"product","2":"type-product","3":"status-publish","4":"has-post-thumbnail","6":"product_brand-valento","7":"product_cat-ropa-hombre","8":"product_cat-ropa-mujer","9":"product_cat-h-pantalones","10":"product_cat-m-pantalones","11":"product_cat-ropa","12":"tm-no-options","14":"first","15":"instock","16":"taxable","17":"shipping-taxable","18":"product-type-variable"},"acf":[],"_links":{"self":[{"href":"https:\/\/grupotextil.es\/en\/wp-json\/wp\/v2\/product\/345680","targetHints":{"allow":["GET"]}}],"collection":[{"href":"https:\/\/grupotextil.es\/en\/wp-json\/wp\/v2\/product"}],"about":[{"href":"https:\/\/grupotextil.es\/en\/wp-json\/wp\/v2\/types\/product"}],"replies":[{"embeddable":true,"href":"https:\/\/grupotextil.es\/en\/wp-json\/wp\/v2\/comments?post=345680"}],"wp:featuredmedia":[{"embeddable":true,"href":"https:\/\/grupotextil.es\/en\/wp-json\/wp\/v2\/media\/345681"}],"wp:attachment":[{"href":"https:\/\/grupotextil.es\/en\/wp-json\/wp\/v2\/media?parent=345680"}],"wp:term":[{"taxonomy":"product_brand","embeddable":true,"href":"https:\/\/grupotextil.es\/en\/wp-json\/wp\/v2\/product_brand?post=345680"},{"taxonomy":"product_cat","embeddable":true,"href":"https:\/\/grupotextil.es\/en\/wp-json\/wp\/v2\/product_cat?post=345680"},{"taxonomy":"product_tag","embeddable":true,"href":"https:\/\/grupotextil.es\/en\/wp-json\/wp\/v2\/product_tag?post=345680"}],"curies":[{"name":"wp","href":"https:\/\/api.w.org\/{rel}","templated":true}]}}