{"id":345980,"date":"2026-03-06T01:51:05","date_gmt":"2026-03-06T01:51:05","guid":{"rendered":"https:\/\/grupotextil.es\/?post_type=product&#038;p=345980"},"modified":"2026-03-06T01:51:05","modified_gmt":"2026-03-06T01:51:05","slug":"camiseta-manga-corta-con-bandas-reflectantes-valento-sendai","status":"publish","type":"product","link":"https:\/\/grupotextil.es\/en\/product\/camiseta-manga-corta-con-bandas-reflectantes-valento-sendai\/","title":{"rendered":"Camiseta manga corta con bandas reflectantes VALENTO SENDAI"},"content":{"rendered":"<div class=\"product-description\">\n<div class=\"article_characteristics\">\n<ul style=\"margin-block-start: 0;\" >\n<li><b>Camiseta<\/b> de <b>manga corta<\/b> de <b>Visibilidad Realzada<\/b>.<\/li>\n<li>Confeccionada en tejido de punto liso <b>100% algod\u00f3n<\/b> Ring Spun suave y confortable, incluye dos <b>cintas retro-reflectantes<\/b> el\u00e1sticas termo-fijadas en torso y espalda para mayor seguridad sin perder libertad de movimiento.<\/li>\n<li>Prenda certificada como EPI de Categor\u00eda II de <b>Visibilidad Realzada<\/b> en base a las normas 13688 y 17353, tipo B3 para visibilidad nocturna, con duraci\u00f3n m\u00e1xima de 25 lavados.<\/li>\n<li><b>Cuello redondo<\/b> de canal\u00e9 el\u00e1stico que se adapta c\u00f3modamente y cinta interior de hombro a hombro que mantiene su forma.<\/li>\n<li>Doble pespunte en cuello, mangas y bajo que aumenta su resistencia.<\/li>\n<li>M\u00e9todos id\u00f3neos de marcaje: serigraf\u00eda, transfer, vinilo, bordados, cosidos.<\/li>\n<li>Ideal como <b>ropa laboral<\/b> y <b>uniformes de trabajo<\/b>.<\/li>\n<\/ul><\/div>\n<\/div>\n<div class=\"product-pdf\">\n<p><a href=\"https:\/\/valento.es\/?service=ServeDocuments&amp;function=serve_datasheet&amp;article_ref=CAVASEN\" target=\"_blank\" rel=\"noopener\">Descargar ficha t\u00e9cnica (PDF)<\/a><\/p>\n<\/div>","protected":false},"excerpt":{"rendered":"<p>Camiseta manga corta con bandas reflectantes VALENTO SENDAI de Valento. Disponible en la categor\u00eda Visibilidad Realzada. Env\u00edo r\u00e1pido 24\/48h.<\/p>","protected":false},"featured_media":345981,"comment_status":"open","ping_status":"closed","template":"","meta":{"_acf_changed":false},"product_brand":[11282],"product_cat":[13977,13986,13974,13975,13973],"product_tag":[],"class_list":{"0":"post-345980","1":"product","2":"type-product","3":"status-publish","4":"has-post-thumbnail","6":"product_brand-valento","7":"product_cat-h-camisetas-manga-corta","8":"product_cat-m-camisetas-manga-corta","9":"product_cat-ropa-hombre","10":"product_cat-ropa-mujer","11":"product_cat-ropa","12":"tm-no-options","14":"first","15":"instock","16":"taxable","17":"shipping-taxable","18":"product-type-variable"},"acf":[],"_links":{"self":[{"href":"https:\/\/grupotextil.es\/en\/wp-json\/wp\/v2\/product\/345980","targetHints":{"allow":["GET"]}}],"collection":[{"href":"https:\/\/grupotextil.es\/en\/wp-json\/wp\/v2\/product"}],"about":[{"href":"https:\/\/grupotextil.es\/en\/wp-json\/wp\/v2\/types\/product"}],"replies":[{"embeddable":true,"href":"https:\/\/grupotextil.es\/en\/wp-json\/wp\/v2\/comments?post=345980"}],"wp:featuredmedia":[{"embeddable":true,"href":"https:\/\/grupotextil.es\/en\/wp-json\/wp\/v2\/media\/345981"}],"wp:attachment":[{"href":"https:\/\/grupotextil.es\/en\/wp-json\/wp\/v2\/media?parent=345980"}],"wp:term":[{"taxonomy":"product_brand","embeddable":true,"href":"https:\/\/grupotextil.es\/en\/wp-json\/wp\/v2\/product_brand?post=345980"},{"taxonomy":"product_cat","embeddable":true,"href":"https:\/\/grupotextil.es\/en\/wp-json\/wp\/v2\/product_cat?post=345980"},{"taxonomy":"product_tag","embeddable":true,"href":"https:\/\/grupotextil.es\/en\/wp-json\/wp\/v2\/product_tag?post=345980"}],"curies":[{"name":"wp","href":"https:\/\/api.w.org\/{rel}","templated":true}]}}