{"id":346001,"date":"2026-03-06T01:51:07","date_gmt":"2026-03-06T01:51:07","guid":{"rendered":"https:\/\/grupotextil.es\/?post_type=product&#038;p=346001"},"modified":"2026-03-06T01:51:07","modified_gmt":"2026-03-06T01:51:07","slug":"bermuda-de-visibilidad-realzada-valento-notar","status":"publish","type":"product","link":"https:\/\/grupotextil.es\/en\/product\/bermuda-de-visibilidad-realzada-valento-notar\/","title":{"rendered":"Bermuda de Visibilidad Realzada VALENTO NOTAR"},"content":{"rendered":"<div class=\"product-description\">\n<div class=\"article_characteristics\">\n<ul style=\"margin-block-start: 0;\" >\n<li><b>Bermuda de trabajo<\/b> <b>multibolsillos<\/b> de <b>Visibilidad Realzada<\/b>.<\/li>\n<li>Confeccionada en tejido sarga mezcla algod\u00f3n con poli\u00e9ster resistente y duradero, incluye dos <b>cintas retro-reflectantes<\/b> cosidas en las perneras para mayor seguridad.<\/li>\n<li>Prenda certificada como EPI de Categor\u00eda II de <b>Visibilidad Realzada<\/b> en base a las normas 13688 y 17353, tipo B2 para visibilidad nocturna, con duraci\u00f3n m\u00e1xima de 50 lavados.<\/li>\n<li>Cierre de bot\u00f3n, cremallera y tapeta, cintura con trabillas para el cintur\u00f3n y goma el\u00e1stica trasera que proporciona mayor comodidad y un mejor ajuste.<\/li>\n<li>Dos bolsillos oblicuos en cintura, dos traseros y dos laterales para tener todo accesible (los cuatro con fuelle, tapeta, velcro y tirador reflectante que facilita su apertura), todos con presillas de seguridad para mayor durabilidad y resistencia.<\/li>\n<li>M\u00e9todos id\u00f3neos de marcaje: serigraf\u00eda, transfer, bordados, cosidos.<\/li>\n<li>Ideal como <b>ropa laboral<\/b> y <b>uniformes de verano<\/b>.<\/li>\n<\/ul><\/div>\n<\/div>\n<div class=\"product-pdf\">\n<p><a href=\"https:\/\/valento.es\/?service=ServeDocuments&amp;function=serve_datasheet&amp;article_ref=BEVANOT\" target=\"_blank\" rel=\"noopener\">Descargar ficha t\u00e9cnica (PDF)<\/a><\/p>\n<\/div>","protected":false},"excerpt":{"rendered":"<p>Bermuda de Visibilidad Realzada VALENTO NOTAR de Valento. Disponible en la categor\u00eda Visibilidad Realzada. Env\u00edo r\u00e1pido 24\/48h.<\/p>","protected":false},"featured_media":346002,"comment_status":"open","ping_status":"closed","template":"","meta":{"_acf_changed":false},"product_brand":[11282],"product_cat":[13993,13984,13974,13975,13973],"product_tag":[],"class_list":{"0":"post-346001","1":"product","2":"type-product","3":"status-publish","4":"has-post-thumbnail","6":"product_brand-valento","7":"product_cat-m-bermudas","8":"product_cat-h-bermudas","9":"product_cat-ropa-hombre","10":"product_cat-ropa-mujer","11":"product_cat-ropa","12":"tm-no-options","14":"first","15":"instock","16":"taxable","17":"shipping-taxable","18":"product-type-variable"},"acf":[],"_links":{"self":[{"href":"https:\/\/grupotextil.es\/en\/wp-json\/wp\/v2\/product\/346001","targetHints":{"allow":["GET"]}}],"collection":[{"href":"https:\/\/grupotextil.es\/en\/wp-json\/wp\/v2\/product"}],"about":[{"href":"https:\/\/grupotextil.es\/en\/wp-json\/wp\/v2\/types\/product"}],"replies":[{"embeddable":true,"href":"https:\/\/grupotextil.es\/en\/wp-json\/wp\/v2\/comments?post=346001"}],"wp:featuredmedia":[{"embeddable":true,"href":"https:\/\/grupotextil.es\/en\/wp-json\/wp\/v2\/media\/346002"}],"wp:attachment":[{"href":"https:\/\/grupotextil.es\/en\/wp-json\/wp\/v2\/media?parent=346001"}],"wp:term":[{"taxonomy":"product_brand","embeddable":true,"href":"https:\/\/grupotextil.es\/en\/wp-json\/wp\/v2\/product_brand?post=346001"},{"taxonomy":"product_cat","embeddable":true,"href":"https:\/\/grupotextil.es\/en\/wp-json\/wp\/v2\/product_cat?post=346001"},{"taxonomy":"product_tag","embeddable":true,"href":"https:\/\/grupotextil.es\/en\/wp-json\/wp\/v2\/product_tag?post=346001"}],"curies":[{"name":"wp","href":"https:\/\/api.w.org\/{rel}","templated":true}]}}