{"id":346030,"date":"2026-03-06T01:51:09","date_gmt":"2026-03-06T01:51:09","guid":{"rendered":"https:\/\/grupotextil.es\/?post_type=product&#038;p=346030"},"modified":"2026-03-06T01:51:09","modified_gmt":"2026-03-06T01:51:09","slug":"chaleco-multibolsillos-visibilidad-realzada-valento-jervis","status":"publish","type":"product","link":"https:\/\/grupotextil.es\/en\/product\/chaleco-multibolsillos-visibilidad-realzada-valento-jervis\/","title":{"rendered":"Chaleco multibolsillos visibilidad realzada VALENTO JERVIS"},"content":{"rendered":"<div class=\"product-description\">\n<div class=\"article_characteristics\">\n<ul style=\"margin-block-start: 0;\" >\n<li><b>Chaleco<\/b> <b>multibolsillos<\/b> de <b>Visibilidad Realzada<\/b>.<\/li>\n<li>Confeccionado en tejido sarga resistente con forro interior de rejilla transpirable que favorece la ventilaci\u00f3n, incluye dos <b>cintas retro-reflectantes<\/b> cosidas en torso y espalda para mayor seguridad.<\/li>\n<li>Prenda certificada como EPI de Categor\u00eda II de <b>Visibilidad Realzada<\/b> en base a las normas 13688 y 17353, tipo B3 para visibilidad nocturna, con duraci\u00f3n m\u00e1xima de 25 lavados.<\/li>\n<li>Cuello abierto con forma de pico para mayor comodidad y ventilaci\u00f3n.<\/li>\n<li>Dos bolsillos inferiores con fuelle para hacerlos m\u00e1s amplios, dos bolsillos laterales y dos bolsillos superiores todos con tapeta y velcro, para tener todo accesible, tambi\u00e9n incluye dos departamentos para bol\u00edgrafos o rotuladores.<\/li>\n<li>Incluye cremallera interior trasera para facilitar los diferentes tipos de marcaje: serigraf\u00eda, transfer, vinilo, bordados, cosidos.<\/li>\n<li>Ideal como <b>ropa laboral<\/b> y <b>uniformes de trabajo<\/b>.<\/li>\n<\/ul><\/div>\n<\/div>\n<div class=\"product-pdf\">\n<p><a href=\"https:\/\/valento.es\/?service=ServeDocuments&amp;function=serve_datasheet&amp;article_ref=CHVAJER\" target=\"_blank\" rel=\"noopener\">Descargar ficha t\u00e9cnica (PDF)<\/a><\/p>\n<\/div>","protected":false},"excerpt":{"rendered":"<p>Chaleco multibolsillos visibilidad realzada VALENTO JERVIS de Valento. Disponible en la categor\u00eda Visibilidad Realzada. Env\u00edo r\u00e1pido 24\/48h.<\/p>","protected":false},"featured_media":346031,"comment_status":"open","ping_status":"closed","template":"","meta":{"_acf_changed":false},"product_brand":[11282],"product_cat":[13991,13982,13974,13975,13973],"product_tag":[],"class_list":{"0":"post-346030","1":"product","2":"type-product","3":"status-publish","4":"has-post-thumbnail","6":"product_brand-valento","7":"product_cat-m-chalecos","8":"product_cat-h-chalecos","9":"product_cat-ropa-hombre","10":"product_cat-ropa-mujer","11":"product_cat-ropa","12":"tm-no-options","14":"first","15":"instock","16":"taxable","17":"shipping-taxable","18":"product-type-variable"},"acf":[],"_links":{"self":[{"href":"https:\/\/grupotextil.es\/en\/wp-json\/wp\/v2\/product\/346030","targetHints":{"allow":["GET"]}}],"collection":[{"href":"https:\/\/grupotextil.es\/en\/wp-json\/wp\/v2\/product"}],"about":[{"href":"https:\/\/grupotextil.es\/en\/wp-json\/wp\/v2\/types\/product"}],"replies":[{"embeddable":true,"href":"https:\/\/grupotextil.es\/en\/wp-json\/wp\/v2\/comments?post=346030"}],"wp:featuredmedia":[{"embeddable":true,"href":"https:\/\/grupotextil.es\/en\/wp-json\/wp\/v2\/media\/346031"}],"wp:attachment":[{"href":"https:\/\/grupotextil.es\/en\/wp-json\/wp\/v2\/media?parent=346030"}],"wp:term":[{"taxonomy":"product_brand","embeddable":true,"href":"https:\/\/grupotextil.es\/en\/wp-json\/wp\/v2\/product_brand?post=346030"},{"taxonomy":"product_cat","embeddable":true,"href":"https:\/\/grupotextil.es\/en\/wp-json\/wp\/v2\/product_cat?post=346030"},{"taxonomy":"product_tag","embeddable":true,"href":"https:\/\/grupotextil.es\/en\/wp-json\/wp\/v2\/product_tag?post=346030"}],"curies":[{"name":"wp","href":"https:\/\/api.w.org\/{rel}","templated":true}]}}