{"id":346228,"date":"2026-03-06T01:51:25","date_gmt":"2026-03-06T01:51:25","guid":{"rendered":"https:\/\/grupotextil.es\/?post_type=product&#038;p=346228"},"modified":"2026-03-06T01:51:25","modified_gmt":"2026-03-06T01:51:25","slug":"polo-manga-corta-visibilidad-realzada-valento-kerry","status":"publish","type":"product","link":"https:\/\/grupotextil.es\/en\/product\/polo-manga-corta-visibilidad-realzada-valento-kerry\/","title":{"rendered":"Polo manga corta visibilidad realzada VALENTO KERRY"},"content":{"rendered":"<div class=\"product-description\">\n<div class=\"article_characteristics\">\n<ul style=\"margin-block-start: 0;\" >\n<li><b>Polo<\/b> de <b>Visibilidad Realzada<\/b>, <b>manga corta<\/b> y <b>bolsillo<\/b>.<\/li>\n<li>Confeccionado en <b>tejido t\u00e9cnico transpirable<\/b> <b>100% poli\u00e9ster<\/b> que facilita el <b>secado r\u00e1pido<\/b> y la eliminaci\u00f3n del sudor, incluye dos <b>cintas retro-reflectantes<\/b> el\u00e1sticas termo-fijadas en torso y espalda para mayor seguridad sin perder libertad de movimiento.<\/li>\n<li>Prenda certificada como EPI de Categor\u00eda II de <b>Visibilidad Realzada<\/b> en base a las normas 13688 y 17353, tipo B3 para visibilidad nocturna, con duraci\u00f3n m\u00e1xima de 25 lavados.<\/li>\n<li>Mangas y cuello de tricotosa que se adaptan c\u00f3modamente, cierre de tapeta central con dos botones a tono y cinta interior en el cuello que mantiene su forma.<\/li>\n<li><b>Bolsillo<\/b> reforzado en pecho izquierdo para resaltar el marcaje.<\/li>\n<li>M\u00e9todos id\u00f3neos de marcaje: serigraf\u00eda, transfer, vinilo, bordados, cosidos.<\/li>\n<li>Ideal como <b>ropa laboral<\/b> y <b>uniformes de trabajo<\/b>.<\/li>\n<\/ul><\/div>\n<\/div>\n<div class=\"product-pdf\">\n<p><a href=\"https:\/\/valento.es\/?service=ServeDocuments&amp;function=serve_datasheet&amp;article_ref=POVAKER\" target=\"_blank\" rel=\"noopener\">Descargar ficha t\u00e9cnica (PDF)<\/a><\/p>\n<\/div>","protected":false},"excerpt":{"rendered":"<p>Polo manga corta visibilidad realzada VALENTO KERRY de Valento. Disponible en la categor\u00eda Visibilidad Realzada. Env\u00edo r\u00e1pido 24\/48h.<\/p>","protected":false},"featured_media":346229,"comment_status":"open","ping_status":"closed","template":"","meta":{"_acf_changed":false},"product_brand":[11282],"product_cat":[13974,13975,13979,13988,13973],"product_tag":[],"class_list":{"0":"post-346228","1":"product","2":"type-product","3":"status-publish","4":"has-post-thumbnail","6":"product_brand-valento","7":"product_cat-ropa-hombre","8":"product_cat-ropa-mujer","9":"product_cat-h-polos","10":"product_cat-m-polos","11":"product_cat-ropa","12":"tm-no-options","14":"first","15":"instock","16":"taxable","17":"shipping-taxable","18":"product-type-variable"},"acf":[],"_links":{"self":[{"href":"https:\/\/grupotextil.es\/en\/wp-json\/wp\/v2\/product\/346228","targetHints":{"allow":["GET"]}}],"collection":[{"href":"https:\/\/grupotextil.es\/en\/wp-json\/wp\/v2\/product"}],"about":[{"href":"https:\/\/grupotextil.es\/en\/wp-json\/wp\/v2\/types\/product"}],"replies":[{"embeddable":true,"href":"https:\/\/grupotextil.es\/en\/wp-json\/wp\/v2\/comments?post=346228"}],"wp:featuredmedia":[{"embeddable":true,"href":"https:\/\/grupotextil.es\/en\/wp-json\/wp\/v2\/media\/346229"}],"wp:attachment":[{"href":"https:\/\/grupotextil.es\/en\/wp-json\/wp\/v2\/media?parent=346228"}],"wp:term":[{"taxonomy":"product_brand","embeddable":true,"href":"https:\/\/grupotextil.es\/en\/wp-json\/wp\/v2\/product_brand?post=346228"},{"taxonomy":"product_cat","embeddable":true,"href":"https:\/\/grupotextil.es\/en\/wp-json\/wp\/v2\/product_cat?post=346228"},{"taxonomy":"product_tag","embeddable":true,"href":"https:\/\/grupotextil.es\/en\/wp-json\/wp\/v2\/product_tag?post=346228"}],"curies":[{"name":"wp","href":"https:\/\/api.w.org\/{rel}","templated":true}]}}