{"id":346644,"date":"2026-03-08T01:30:09","date_gmt":"2026-03-08T00:30:09","guid":{"rendered":"https:\/\/grupotextil.es\/producto\/polo-coolweave\/"},"modified":"2026-03-08T01:30:09","modified_gmt":"2026-03-08T00:30:09","slug":"polo-coolweave","status":"publish","type":"product","link":"https:\/\/grupotextil.es\/en\/product\/polo-coolweave\/","title":{"rendered":"Polo Coolweave"},"content":{"rendered":"<ul>\n<li>200 g\/m\u00b2<\/li>\n<li>100% poli\u00e9ster reciclado parcialmente<\/li>\n<li>Tejido piqu\u00e9<\/li>\n<li>R\u00e1pida absorci\u00f3n de la humedad<\/li>\n<li>Cuello y manga en canal\u00e9<\/li>\n<li>Tapeta con 3 botones<\/li>\n<li>Botones del mismo color<\/li>\n<li>Paneles laterales con costuras planas<\/li>\n<\/ul>","protected":false},"excerpt":{"rendered":"<p>200 g\/m\u00b2100% poli\u00e9ster reciclado parcialmenteTejido piqu\u00e9R\u00e1pida absorci\u00f3n de la humedadCuello y manga en canal\u00e9Tapeta con 3 botonesBotones del mismo colorPaneles laterales con costuras planas<\/p>","protected":false},"featured_media":405202,"comment_status":"open","ping_status":"closed","template":"","meta":{"_acf_changed":false},"product_brand":[11656],"product_cat":[13986,13974,13932,13975,13979,13973],"product_tag":[],"class_list":{"0":"post-346644","1":"product","2":"type-product","3":"status-publish","4":"has-post-thumbnail","6":"product_brand-regatta","7":"product_cat-m-camisetas-manga-corta","8":"product_cat-ropa-hombre","9":"product_cat-hosteleria-horeca","10":"product_cat-ropa-mujer","11":"product_cat-h-polos","12":"product_cat-ropa","13":"tm-no-options","15":"first","16":"instock","17":"taxable","18":"shipping-taxable","19":"product-type-variable"},"acf":[],"_links":{"self":[{"href":"https:\/\/grupotextil.es\/en\/wp-json\/wp\/v2\/product\/346644","targetHints":{"allow":["GET"]}}],"collection":[{"href":"https:\/\/grupotextil.es\/en\/wp-json\/wp\/v2\/product"}],"about":[{"href":"https:\/\/grupotextil.es\/en\/wp-json\/wp\/v2\/types\/product"}],"replies":[{"embeddable":true,"href":"https:\/\/grupotextil.es\/en\/wp-json\/wp\/v2\/comments?post=346644"}],"wp:featuredmedia":[{"embeddable":true,"href":"https:\/\/grupotextil.es\/en\/wp-json\/wp\/v2\/media\/405202"}],"wp:attachment":[{"href":"https:\/\/grupotextil.es\/en\/wp-json\/wp\/v2\/media?parent=346644"}],"wp:term":[{"taxonomy":"product_brand","embeddable":true,"href":"https:\/\/grupotextil.es\/en\/wp-json\/wp\/v2\/product_brand?post=346644"},{"taxonomy":"product_cat","embeddable":true,"href":"https:\/\/grupotextil.es\/en\/wp-json\/wp\/v2\/product_cat?post=346644"},{"taxonomy":"product_tag","embeddable":true,"href":"https:\/\/grupotextil.es\/en\/wp-json\/wp\/v2\/product_tag?post=346644"}],"curies":[{"name":"wp","href":"https:\/\/api.w.org\/{rel}","templated":true}]}}