{"id":346786,"date":"2026-03-08T01:30:17","date_gmt":"2026-03-08T00:30:17","guid":{"rendered":"https:\/\/grupotextil.es\/producto\/body-organico-bebe\/"},"modified":"2026-03-08T01:30:17","modified_gmt":"2026-03-08T00:30:17","slug":"body-organico-bebe","status":"publish","type":"product","link":"https:\/\/grupotextil.es\/en\/product\/body-organico-bebe\/","title":{"rendered":"Body org\u00e1nico beb\u00e9"},"content":{"rendered":"<ul>\n<li>200 g\/m\u00b2<\/li>\n<li>100% algod\u00f3n ring spun y peinado (en algunos modelos algod\u00f3n org\u00e1nico) Ver especificaciones en Tallajes<\/li>\n<li>Heather Grey Melange: 85% algod\u00f3n, 15% viscosa<\/li>\n<li>Heather Blue, Mocha, Charcoal Grey Melange: 60% algod\u00f3n, 40% poli\u00e9ster<\/li>\n<li>Pre-encogido<\/li>\n<li>Body en estilo americano<\/li>\n<li>Pu\u00f1os de canal\u00e9<\/li>\n<li>3 cierres a presi\u00f3n en la entrepierna<\/li>\n<\/ul>","protected":false},"excerpt":{"rendered":"<p>200 g\/m\u00b2100% algod\u00f3n ring spun y peinado (en algunos modelos algod\u00f3n org\u00e1nico) Ver especificaciones en TallajesHeather Grey Melange: 85% algod\u00f3n, 15% viscosaHeather Blue, Mocha, Charcoal Grey Melange:<\/p>","protected":false},"featured_media":405394,"comment_status":"open","ping_status":"closed","template":"","meta":{"_acf_changed":false},"product_brand":[11662],"product_cat":[13974,13975,13973],"product_tag":[14010,14009],"class_list":{"0":"post-346786","1":"product","2":"type-product","3":"status-publish","4":"has-post-thumbnail","6":"product_brand-babybugz","7":"product_cat-ropa-hombre","8":"product_cat-ropa-mujer","9":"product_cat-ropa","10":"product_tag-nuevo-2026","11":"product_tag-top-ventas","12":"tm-no-options","14":"first","15":"instock","16":"taxable","17":"shipping-taxable","18":"product-type-variable"},"acf":[],"_links":{"self":[{"href":"https:\/\/grupotextil.es\/en\/wp-json\/wp\/v2\/product\/346786","targetHints":{"allow":["GET"]}}],"collection":[{"href":"https:\/\/grupotextil.es\/en\/wp-json\/wp\/v2\/product"}],"about":[{"href":"https:\/\/grupotextil.es\/en\/wp-json\/wp\/v2\/types\/product"}],"replies":[{"embeddable":true,"href":"https:\/\/grupotextil.es\/en\/wp-json\/wp\/v2\/comments?post=346786"}],"wp:featuredmedia":[{"embeddable":true,"href":"https:\/\/grupotextil.es\/en\/wp-json\/wp\/v2\/media\/405394"}],"wp:attachment":[{"href":"https:\/\/grupotextil.es\/en\/wp-json\/wp\/v2\/media?parent=346786"}],"wp:term":[{"taxonomy":"product_brand","embeddable":true,"href":"https:\/\/grupotextil.es\/en\/wp-json\/wp\/v2\/product_brand?post=346786"},{"taxonomy":"product_cat","embeddable":true,"href":"https:\/\/grupotextil.es\/en\/wp-json\/wp\/v2\/product_cat?post=346786"},{"taxonomy":"product_tag","embeddable":true,"href":"https:\/\/grupotextil.es\/en\/wp-json\/wp\/v2\/product_tag?post=346786"}],"curies":[{"name":"wp","href":"https:\/\/api.w.org\/{rel}","templated":true}]}}