{"id":347088,"date":"2026-03-08T01:30:32","date_gmt":"2026-03-08T00:30:32","guid":{"rendered":"https:\/\/grupotextil.es\/producto\/body-bebe-rompasuit\/"},"modified":"2026-03-08T01:30:32","modified_gmt":"2026-03-08T00:30:32","slug":"body-bebe-rompasuit","status":"publish","type":"product","link":"https:\/\/grupotextil.es\/en\/product\/body-bebe-rompasuit\/","title":{"rendered":"Body beb\u00e9 Rompasuit"},"content":{"rendered":"<ul>\n<li>200 g\/m\u00b2<\/li>\n<li>100% algod\u00f3n peinado (en algunos modelos algod\u00f3n org\u00e1nico)<\/li>\n<li>Heather Grey Melange: 85% Algod\u00f3n, 15% Viscosa<\/li>\n<li>Estilo americano, entrelazado el\u00e1stico<\/li>\n<li>Ribete ajustado en el cuello<\/li>\n<li>Cuello, mangas y tobillos acabados en canal\u00e9<\/li>\n<li>Costura decorativa en hombros y piernas<\/li>\n<li>Cierre de corchetes en interior de pierna<\/li>\n<\/ul>","protected":false},"excerpt":{"rendered":"<p>200 g\/m\u00b2100% algod\u00f3n peinado (en algunos modelos algod\u00f3n org\u00e1nico)Heather Grey Melange: 85% Algod\u00f3n, 15% ViscosaEstilo americano, entrelazado el\u00e1sticoRibete ajustado en el cuelloCuello, mangas y tobil<\/p>","protected":false},"featured_media":405508,"comment_status":"open","ping_status":"closed","template":"","meta":{"_acf_changed":false},"product_brand":[11662],"product_cat":[13974,13975,13973],"product_tag":[],"class_list":{"0":"post-347088","1":"product","2":"type-product","3":"status-publish","4":"has-post-thumbnail","6":"product_brand-babybugz","7":"product_cat-ropa-hombre","8":"product_cat-ropa-mujer","9":"product_cat-ropa","10":"tm-no-options","12":"first","13":"instock","14":"taxable","15":"shipping-taxable","16":"product-type-variable"},"acf":[],"_links":{"self":[{"href":"https:\/\/grupotextil.es\/en\/wp-json\/wp\/v2\/product\/347088","targetHints":{"allow":["GET"]}}],"collection":[{"href":"https:\/\/grupotextil.es\/en\/wp-json\/wp\/v2\/product"}],"about":[{"href":"https:\/\/grupotextil.es\/en\/wp-json\/wp\/v2\/types\/product"}],"replies":[{"embeddable":true,"href":"https:\/\/grupotextil.es\/en\/wp-json\/wp\/v2\/comments?post=347088"}],"wp:featuredmedia":[{"embeddable":true,"href":"https:\/\/grupotextil.es\/en\/wp-json\/wp\/v2\/media\/405508"}],"wp:attachment":[{"href":"https:\/\/grupotextil.es\/en\/wp-json\/wp\/v2\/media?parent=347088"}],"wp:term":[{"taxonomy":"product_brand","embeddable":true,"href":"https:\/\/grupotextil.es\/en\/wp-json\/wp\/v2\/product_brand?post=347088"},{"taxonomy":"product_cat","embeddable":true,"href":"https:\/\/grupotextil.es\/en\/wp-json\/wp\/v2\/product_cat?post=347088"},{"taxonomy":"product_tag","embeddable":true,"href":"https:\/\/grupotextil.es\/en\/wp-json\/wp\/v2\/product_tag?post=347088"}],"curies":[{"name":"wp","href":"https:\/\/api.w.org\/{rel}","templated":true}]}}