{"id":347145,"date":"2026-03-08T01:30:34","date_gmt":"2026-03-08T00:30:34","guid":{"rendered":"https:\/\/grupotextil.es\/producto\/manta-polar-gruesa-de-mezcla\/"},"modified":"2026-03-08T01:30:34","modified_gmt":"2026-03-08T00:30:34","slug":"manta-polar-gruesa-de-mezcla","status":"publish","type":"product","link":"https:\/\/grupotextil.es\/en\/product\/manta-polar-gruesa-de-mezcla\/","title":{"rendered":"Manta polar gruesa de mezcla"},"content":{"rendered":"<ul>\n<li>271 g\/m\u00b2<\/li>\n<li>50% Algod\u00f3n, 50% Poli\u00e9ster<\/li>\n<li>Composici\u00f3n mixta para reducir la formaci\u00f3n de bolitas<\/li>\n<li>Tejido polar de peso medio de 2 puntadas<\/li>\n<li>Laterales con dobladillo<\/li>\n<li>Etiqueta extra\u00edble<\/li>\n<li>Medidas: 127 x 152 cm.<\/li>\n<\/ul>","protected":false},"excerpt":{"rendered":"<p>271 g\/m\u00b250% Algod\u00f3n, 50% Poli\u00e9sterComposici\u00f3n mixta para reducir la formaci\u00f3n de bolitasTejido polar de peso medio de 2 puntadasLaterales con dobladilloEtiqueta extra\u00edbleMedidas: 127 x 152 cm.<\/p>","protected":false},"featured_media":405517,"comment_status":"open","ping_status":"closed","template":"","meta":{"_acf_changed":false},"product_brand":[11666],"product_cat":[13974,13975,13973],"product_tag":[],"class_list":{"0":"post-347145","1":"product","2":"type-product","3":"status-publish","4":"has-post-thumbnail","6":"product_brand-gildan","7":"product_cat-ropa-hombre","8":"product_cat-ropa-mujer","9":"product_cat-ropa","10":"tm-no-options","12":"first","13":"instock","14":"taxable","15":"shipping-taxable","16":"product-type-variable"},"acf":[],"_links":{"self":[{"href":"https:\/\/grupotextil.es\/en\/wp-json\/wp\/v2\/product\/347145","targetHints":{"allow":["GET"]}}],"collection":[{"href":"https:\/\/grupotextil.es\/en\/wp-json\/wp\/v2\/product"}],"about":[{"href":"https:\/\/grupotextil.es\/en\/wp-json\/wp\/v2\/types\/product"}],"replies":[{"embeddable":true,"href":"https:\/\/grupotextil.es\/en\/wp-json\/wp\/v2\/comments?post=347145"}],"wp:featuredmedia":[{"embeddable":true,"href":"https:\/\/grupotextil.es\/en\/wp-json\/wp\/v2\/media\/405517"}],"wp:attachment":[{"href":"https:\/\/grupotextil.es\/en\/wp-json\/wp\/v2\/media?parent=347145"}],"wp:term":[{"taxonomy":"product_brand","embeddable":true,"href":"https:\/\/grupotextil.es\/en\/wp-json\/wp\/v2\/product_brand?post=347145"},{"taxonomy":"product_cat","embeddable":true,"href":"https:\/\/grupotextil.es\/en\/wp-json\/wp\/v2\/product_cat?post=347145"},{"taxonomy":"product_tag","embeddable":true,"href":"https:\/\/grupotextil.es\/en\/wp-json\/wp\/v2\/product_tag?post=347145"}],"curies":[{"name":"wp","href":"https:\/\/api.w.org\/{rel}","templated":true}]}}