{"id":347200,"date":"2026-03-08T01:30:37","date_gmt":"2026-03-08T00:30:37","guid":{"rendered":"https:\/\/grupotextil.es\/producto\/chaqueta-gravity-mujer\/"},"modified":"2026-03-08T01:30:37","modified_gmt":"2026-03-08T00:30:37","slug":"chaqueta-gravity-mujer","status":"publish","type":"product","link":"https:\/\/grupotextil.es\/en\/product\/chaqueta-gravity-mujer\/","title":{"rendered":"Chaqueta Gravity mujer"},"content":{"rendered":"<ul>\n<li>Exterior: 40 g\/m\u00b2, 100% nylon<\/li>\n<li>Relleno: 100% poli\u00e9ster<\/li>\n<li>Capucha y protector de barbilla<\/li>\n<li>Acolchado. Tacto muy suave<\/li>\n<li>Cremallera en color de contraste, solapa interior cortaviento<\/li>\n<li>Bolsillo interior<\/li>\n<li>Bajo ajustable, pu\u00f1os el\u00e1sticos<\/li>\n<li>Impermeable (600 mm)<\/li>\n<li>Transpirable (1,000 g\/m\u00b2 en 24h)<\/li>\n<li>Este producto est\u00e1 respaldado por una garant\u00eda de 5 a\u00f1os.<\/li>\n<\/ul>","protected":false},"excerpt":{"rendered":"<p>Exterior: 40 g\/m\u00b2, 100% nylonRelleno: 100% poli\u00e9sterCapucha y protector de barbillaAcolchado. Tacto muy suaveCremallera en color de contraste, solapa interior cortavientoBolsillo interiorBajo ajust&#8230;<\/p>","protected":false},"featured_media":405550,"comment_status":"open","ping_status":"closed","template":"","meta":{"_acf_changed":false},"product_brand":[11664],"product_cat":[13974,13975,13973],"product_tag":[],"class_list":{"0":"post-347200","1":"product","2":"type-product","3":"status-publish","4":"has-post-thumbnail","6":"product_brand-stormtech","7":"product_cat-ropa-hombre","8":"product_cat-ropa-mujer","9":"product_cat-ropa","10":"tm-no-options","12":"first","13":"instock","14":"taxable","15":"shipping-taxable","16":"product-type-variable"},"acf":[],"_links":{"self":[{"href":"https:\/\/grupotextil.es\/en\/wp-json\/wp\/v2\/product\/347200","targetHints":{"allow":["GET"]}}],"collection":[{"href":"https:\/\/grupotextil.es\/en\/wp-json\/wp\/v2\/product"}],"about":[{"href":"https:\/\/grupotextil.es\/en\/wp-json\/wp\/v2\/types\/product"}],"replies":[{"embeddable":true,"href":"https:\/\/grupotextil.es\/en\/wp-json\/wp\/v2\/comments?post=347200"}],"wp:featuredmedia":[{"embeddable":true,"href":"https:\/\/grupotextil.es\/en\/wp-json\/wp\/v2\/media\/405550"}],"wp:attachment":[{"href":"https:\/\/grupotextil.es\/en\/wp-json\/wp\/v2\/media?parent=347200"}],"wp:term":[{"taxonomy":"product_brand","embeddable":true,"href":"https:\/\/grupotextil.es\/en\/wp-json\/wp\/v2\/product_brand?post=347200"},{"taxonomy":"product_cat","embeddable":true,"href":"https:\/\/grupotextil.es\/en\/wp-json\/wp\/v2\/product_cat?post=347200"},{"taxonomy":"product_tag","embeddable":true,"href":"https:\/\/grupotextil.es\/en\/wp-json\/wp\/v2\/product_tag?post=347200"}],"curies":[{"name":"wp","href":"https:\/\/api.w.org\/{rel}","templated":true}]}}