{"id":347525,"date":"2026-03-08T01:30:52","date_gmt":"2026-03-08T00:30:52","guid":{"rendered":"https:\/\/grupotextil.es\/producto\/body-manga-larga-bebe\/"},"modified":"2026-03-08T01:30:52","modified_gmt":"2026-03-08T00:30:52","slug":"body-manga-larga-bebe","status":"publish","type":"product","link":"https:\/\/grupotextil.es\/en\/product\/body-manga-larga-bebe\/","title":{"rendered":"Body manga larga beb\u00e9"},"content":{"rendered":"<ul>\n<li>200 g\/m\u00b2<\/li>\n<li>100% algod\u00f3n ring spun y peinado<\/li>\n<li>Heather Grey Melange: 85% algod\u00f3n, 15% viscosa<\/li>\n<li>Tejido de punto<\/li>\n<li>Abertura de cuello solapada<\/li>\n<li>Manga larga<\/li>\n<li>Corchete sin niquelado<\/li>\n<li>Etiqueta extra\u00edble para f\u00e1cil re-etiquetado<\/li>\n<\/ul>","protected":false},"excerpt":{"rendered":"<p>200 g\/m\u00b2100% algod\u00f3n ring spun y peinadoHeather Grey Melange: 85% algod\u00f3n, 15% viscosaTejido de puntoAbertura de cuello solapadaManga largaCorchete sin niqueladoEtiqueta extra\u00edble para f\u00e1cil re-etique<\/p>","protected":false},"featured_media":405600,"comment_status":"open","ping_status":"closed","template":"","meta":{"_acf_changed":false},"product_brand":[11662],"product_cat":[13974,13975,13973],"product_tag":[],"class_list":{"0":"post-347525","1":"product","2":"type-product","3":"status-publish","4":"has-post-thumbnail","6":"product_brand-babybugz","7":"product_cat-ropa-hombre","8":"product_cat-ropa-mujer","9":"product_cat-ropa","10":"tm-no-options","12":"first","13":"instock","14":"taxable","15":"shipping-taxable","16":"product-type-variable"},"acf":[],"_links":{"self":[{"href":"https:\/\/grupotextil.es\/en\/wp-json\/wp\/v2\/product\/347525","targetHints":{"allow":["GET"]}}],"collection":[{"href":"https:\/\/grupotextil.es\/en\/wp-json\/wp\/v2\/product"}],"about":[{"href":"https:\/\/grupotextil.es\/en\/wp-json\/wp\/v2\/types\/product"}],"replies":[{"embeddable":true,"href":"https:\/\/grupotextil.es\/en\/wp-json\/wp\/v2\/comments?post=347525"}],"wp:featuredmedia":[{"embeddable":true,"href":"https:\/\/grupotextil.es\/en\/wp-json\/wp\/v2\/media\/405600"}],"wp:attachment":[{"href":"https:\/\/grupotextil.es\/en\/wp-json\/wp\/v2\/media?parent=347525"}],"wp:term":[{"taxonomy":"product_brand","embeddable":true,"href":"https:\/\/grupotextil.es\/en\/wp-json\/wp\/v2\/product_brand?post=347525"},{"taxonomy":"product_cat","embeddable":true,"href":"https:\/\/grupotextil.es\/en\/wp-json\/wp\/v2\/product_cat?post=347525"},{"taxonomy":"product_tag","embeddable":true,"href":"https:\/\/grupotextil.es\/en\/wp-json\/wp\/v2\/product_tag?post=347525"}],"curies":[{"name":"wp","href":"https:\/\/api.w.org\/{rel}","templated":true}]}}