{"id":348388,"date":"2026-03-08T01:31:22","date_gmt":"2026-03-08T00:31:22","guid":{"rendered":"https:\/\/grupotextil.es\/producto\/body-bebe-ringer\/"},"modified":"2026-03-08T01:31:22","modified_gmt":"2026-03-08T00:31:22","slug":"body-bebe-ringer","status":"publish","type":"product","link":"https:\/\/grupotextil.es\/en\/product\/body-bebe-ringer\/","title":{"rendered":"Body beb\u00e9 Ringer"},"content":{"rendered":"<ul>\n<li>200 g\/m\u00b2<\/li>\n<li>100% algod\u00f3n ring spun y peinado (en algunos modelos algod\u00f3n org\u00e1nico)<\/li>\n<li>Heather Grey Melange: 96% algod\u00f3n, 4% poli\u00e9ster<\/li>\n<li>Interlock<\/li>\n<li>Cuello, pu\u00f1os y bajos en canal\u00e9 en color de contraste<\/li>\n<li>Abertura en el hombro y la entrepierna con corchete<\/li>\n<li>Corchetes del mismo color<\/li>\n<\/ul>","protected":false},"excerpt":{"rendered":"<p>200 g\/m\u00b2100% algod\u00f3n ring spun y peinado (en algunos modelos algod\u00f3n org\u00e1nico)Heather Grey Melange: 96% algod\u00f3n, 4% poli\u00e9sterInterlockCuello, pu\u00f1os y bajos en canal\u00e9 en color de contrasteAbertura en e<\/p>","protected":false},"featured_media":405795,"comment_status":"open","ping_status":"closed","template":"","meta":{"_acf_changed":false},"product_brand":[11662],"product_cat":[13974,13975,13973],"product_tag":[],"class_list":{"0":"post-348388","1":"product","2":"type-product","3":"status-publish","4":"has-post-thumbnail","6":"product_brand-babybugz","7":"product_cat-ropa-hombre","8":"product_cat-ropa-mujer","9":"product_cat-ropa","10":"tm-no-options","12":"first","13":"instock","14":"taxable","15":"shipping-taxable","16":"product-type-variable"},"acf":[],"_links":{"self":[{"href":"https:\/\/grupotextil.es\/en\/wp-json\/wp\/v2\/product\/348388","targetHints":{"allow":["GET"]}}],"collection":[{"href":"https:\/\/grupotextil.es\/en\/wp-json\/wp\/v2\/product"}],"about":[{"href":"https:\/\/grupotextil.es\/en\/wp-json\/wp\/v2\/types\/product"}],"replies":[{"embeddable":true,"href":"https:\/\/grupotextil.es\/en\/wp-json\/wp\/v2\/comments?post=348388"}],"wp:featuredmedia":[{"embeddable":true,"href":"https:\/\/grupotextil.es\/en\/wp-json\/wp\/v2\/media\/405795"}],"wp:attachment":[{"href":"https:\/\/grupotextil.es\/en\/wp-json\/wp\/v2\/media?parent=348388"}],"wp:term":[{"taxonomy":"product_brand","embeddable":true,"href":"https:\/\/grupotextil.es\/en\/wp-json\/wp\/v2\/product_brand?post=348388"},{"taxonomy":"product_cat","embeddable":true,"href":"https:\/\/grupotextil.es\/en\/wp-json\/wp\/v2\/product_cat?post=348388"},{"taxonomy":"product_tag","embeddable":true,"href":"https:\/\/grupotextil.es\/en\/wp-json\/wp\/v2\/product_tag?post=348388"}],"curies":[{"name":"wp","href":"https:\/\/api.w.org\/{rel}","templated":true}]}}