{"id":348404,"date":"2026-03-08T01:31:24","date_gmt":"2026-03-08T00:31:24","guid":{"rendered":"https:\/\/grupotextil.es\/producto\/camisa-organica-oxford-washed-entallada-hombre\/"},"modified":"2026-03-08T01:31:24","modified_gmt":"2026-03-08T00:31:24","slug":"camisa-organica-oxford-washed-entallada-hombre","status":"publish","type":"product","link":"https:\/\/grupotextil.es\/en\/product\/camisa-organica-oxford-washed-entallada-hombre\/","title":{"rendered":"Shirt org\u00e1nico Oxford Washed entallada hombre"},"content":{"rendered":"<ul>\n<li>130 g\/m\u00b2<\/li>\n<li>100% algod\u00f3n org\u00e1nico<\/li>\n<li>Prenda lavada<\/li>\n<li>Bot\u00f3n debajo del cuello<\/li>\n<li>Iinterior del cuello y pu\u00f1os en color contrastado<\/li>\n<li>Botones contrastados<\/li>\n<li>Bolsillo izquierdo en el pecho<\/li>\n<li>Presilla extra\u00edble para la fijaci\u00f3n opcional de corbatas o gafas<\/li>\n<li>Pu\u00f1os ajustables con 2 botones<\/li>\n<li>Bajo curvo<\/li>\n<li>F\u00e1cil cuidado<\/li>\n<li>Corte entallado<\/li>\n<\/ul>","protected":false},"excerpt":{"rendered":"<p>130 g\/m\u00b2100% algod\u00f3n org\u00e1nicoPrenda lavadaBot\u00f3n debajo del cuelloIinterior del cuello y pu\u00f1os en color contrastadoBotones contrastadosBolsillo izquierdo en el pechoPresilla extra\u00edble para la fijaci\u00f3n<\/p>","protected":false},"featured_media":405797,"comment_status":"open","ping_status":"closed","template":"","meta":{"_acf_changed":false},"product_brand":[11670],"product_cat":[13974,13975,13973],"product_tag":[],"class_list":{"0":"post-348404","1":"product","2":"type-product","3":"status-publish","4":"has-post-thumbnail","6":"product_brand-russell-europe","7":"product_cat-ropa-hombre","8":"product_cat-ropa-mujer","9":"product_cat-ropa","10":"tm-no-options","12":"first","13":"instock","14":"taxable","15":"shipping-taxable","16":"product-type-variable"},"acf":[],"_links":{"self":[{"href":"https:\/\/grupotextil.es\/en\/wp-json\/wp\/v2\/product\/348404","targetHints":{"allow":["GET"]}}],"collection":[{"href":"https:\/\/grupotextil.es\/en\/wp-json\/wp\/v2\/product"}],"about":[{"href":"https:\/\/grupotextil.es\/en\/wp-json\/wp\/v2\/types\/product"}],"replies":[{"embeddable":true,"href":"https:\/\/grupotextil.es\/en\/wp-json\/wp\/v2\/comments?post=348404"}],"wp:featuredmedia":[{"embeddable":true,"href":"https:\/\/grupotextil.es\/en\/wp-json\/wp\/v2\/media\/405797"}],"wp:attachment":[{"href":"https:\/\/grupotextil.es\/en\/wp-json\/wp\/v2\/media?parent=348404"}],"wp:term":[{"taxonomy":"product_brand","embeddable":true,"href":"https:\/\/grupotextil.es\/en\/wp-json\/wp\/v2\/product_brand?post=348404"},{"taxonomy":"product_cat","embeddable":true,"href":"https:\/\/grupotextil.es\/en\/wp-json\/wp\/v2\/product_cat?post=348404"},{"taxonomy":"product_tag","embeddable":true,"href":"https:\/\/grupotextil.es\/en\/wp-json\/wp\/v2\/product_tag?post=348404"}],"curies":[{"name":"wp","href":"https:\/\/api.w.org\/{rel}","templated":true}]}}