{"id":348748,"date":"2026-03-08T01:31:36","date_gmt":"2026-03-08T00:31:36","guid":{"rendered":"https:\/\/grupotextil.es\/producto\/camisa-oxford-button-down-entallada-hombre\/"},"modified":"2026-03-08T01:31:36","modified_gmt":"2026-03-08T00:31:36","slug":"camisa-oxford-button-down-entallada-hombre","status":"publish","type":"product","link":"https:\/\/grupotextil.es\/en\/product\/camisa-oxford-button-down-entallada-hombre\/","title":{"rendered":"Shirt Oxford Button- Down entallada hombre"},"content":{"rendered":"<ul>\n<li>135 g\/m\u00b2 (blanco: 130 g\/m\u00b2)<\/li>\n<li>70% algod\u00f3n, 30% poli\u00e9ster (Oxford)<\/li>\n<li>Bot\u00f3n debajo del cuello<\/li>\n<li>Pinzas en la espalda<\/li>\n<li>Bolsillo izquierdo en el pecho<\/li>\n<li>Pu\u00f1os ajustables con 2 botones.<\/li>\n<li>Bajo curvo<\/li>\n<li>F\u00e1cil cuidado<\/li>\n<li>Corte entallado<\/li>\n<\/ul>","protected":false},"excerpt":{"rendered":"<p>135 g\/m\u00b2 (blanco: 130 g\/m\u00b2)70% algod\u00f3n, 30% poli\u00e9ster (Oxford)Bot\u00f3n debajo del cuelloPinzas en la espaldaBolsillo izquierdo en el pechoPu\u00f1os ajustables con 2 botones.<\/p>","protected":false},"featured_media":405888,"comment_status":"open","ping_status":"closed","template":"","meta":{"_acf_changed":false},"product_brand":[11670],"product_cat":[13938],"product_tag":[],"class_list":{"0":"post-348748","1":"product","2":"type-product","3":"status-publish","4":"has-post-thumbnail","6":"product_brand-russell-europe","7":"product_cat-camisas-corporativas","8":"tm-no-options","10":"first","11":"instock","12":"taxable","13":"shipping-taxable","14":"product-type-variable"},"acf":[],"_links":{"self":[{"href":"https:\/\/grupotextil.es\/en\/wp-json\/wp\/v2\/product\/348748","targetHints":{"allow":["GET"]}}],"collection":[{"href":"https:\/\/grupotextil.es\/en\/wp-json\/wp\/v2\/product"}],"about":[{"href":"https:\/\/grupotextil.es\/en\/wp-json\/wp\/v2\/types\/product"}],"replies":[{"embeddable":true,"href":"https:\/\/grupotextil.es\/en\/wp-json\/wp\/v2\/comments?post=348748"}],"wp:featuredmedia":[{"embeddable":true,"href":"https:\/\/grupotextil.es\/en\/wp-json\/wp\/v2\/media\/405888"}],"wp:attachment":[{"href":"https:\/\/grupotextil.es\/en\/wp-json\/wp\/v2\/media?parent=348748"}],"wp:term":[{"taxonomy":"product_brand","embeddable":true,"href":"https:\/\/grupotextil.es\/en\/wp-json\/wp\/v2\/product_brand?post=348748"},{"taxonomy":"product_cat","embeddable":true,"href":"https:\/\/grupotextil.es\/en\/wp-json\/wp\/v2\/product_cat?post=348748"},{"taxonomy":"product_tag","embeddable":true,"href":"https:\/\/grupotextil.es\/en\/wp-json\/wp\/v2\/product_tag?post=348748"}],"curies":[{"name":"wp","href":"https:\/\/api.w.org\/{rel}","templated":true}]}}