{"id":348804,"date":"2026-03-08T01:31:39","date_gmt":"2026-03-08T00:31:39","guid":{"rendered":"https:\/\/grupotextil.es\/producto\/camisa-entallada-y-contrastada-hombre\/"},"modified":"2026-03-08T01:31:39","modified_gmt":"2026-03-08T00:31:39","slug":"camisa-entallada-y-contrastada-hombre","status":"publish","type":"product","link":"https:\/\/grupotextil.es\/en\/product\/camisa-entallada-y-contrastada-hombre\/","title":{"rendered":"Shirt entallada y contrastada hombre"},"content":{"rendered":"<ul>\n<li>130 g\/m\u00b2 (blanco: 125 g\/m\u00b2)<\/li>\n<li>84% algod\u00f3n, 16% poli\u00e9ster<\/li>\n<li>Bot\u00f3n debajo del cuello<\/li>\n<li>Interior del cuello en color contrastado y pu\u00f1os con ribetes contrastados<\/li>\n<li>Ribete contrastado en la tapeta inferior<\/li>\n<li>Pinzas en la espalda<\/li>\n<li>Pu\u00f1os ajustables con 2 botones.<\/li>\n<li>Bajo curvo<\/li>\n<li>F\u00e1cil cuidado<\/li>\n<li>Corte entallado<\/li>\n<\/ul>","protected":false},"excerpt":{"rendered":"<p>130 g\/m\u00b2 (blanco: 125 g\/m\u00b2)84% algod\u00f3n, 16% poli\u00e9sterBot\u00f3n debajo del cuelloInterior del cuello en color contrastado y pu\u00f1os con ribetes contrastadosRibete contrastado en la tapeta inferiorPinzas e&#8230;<\/p>","protected":false},"featured_media":405926,"comment_status":"open","ping_status":"closed","template":"","meta":{"_acf_changed":false},"product_brand":[11670],"product_cat":[13974,13975,13973],"product_tag":[],"class_list":{"0":"post-348804","1":"product","2":"type-product","3":"status-publish","4":"has-post-thumbnail","6":"product_brand-russell-europe","7":"product_cat-ropa-hombre","8":"product_cat-ropa-mujer","9":"product_cat-ropa","10":"tm-no-options","12":"first","13":"instock","14":"taxable","15":"shipping-taxable","16":"product-type-variable"},"acf":[],"_links":{"self":[{"href":"https:\/\/grupotextil.es\/en\/wp-json\/wp\/v2\/product\/348804","targetHints":{"allow":["GET"]}}],"collection":[{"href":"https:\/\/grupotextil.es\/en\/wp-json\/wp\/v2\/product"}],"about":[{"href":"https:\/\/grupotextil.es\/en\/wp-json\/wp\/v2\/types\/product"}],"replies":[{"embeddable":true,"href":"https:\/\/grupotextil.es\/en\/wp-json\/wp\/v2\/comments?post=348804"}],"wp:featuredmedia":[{"embeddable":true,"href":"https:\/\/grupotextil.es\/en\/wp-json\/wp\/v2\/media\/405926"}],"wp:attachment":[{"href":"https:\/\/grupotextil.es\/en\/wp-json\/wp\/v2\/media?parent=348804"}],"wp:term":[{"taxonomy":"product_brand","embeddable":true,"href":"https:\/\/grupotextil.es\/en\/wp-json\/wp\/v2\/product_brand?post=348804"},{"taxonomy":"product_cat","embeddable":true,"href":"https:\/\/grupotextil.es\/en\/wp-json\/wp\/v2\/product_cat?post=348804"},{"taxonomy":"product_tag","embeddable":true,"href":"https:\/\/grupotextil.es\/en\/wp-json\/wp\/v2\/product_tag?post=348804"}],"curies":[{"name":"wp","href":"https:\/\/api.w.org\/{rel}","templated":true}]}}