{"id":348941,"date":"2026-03-08T01:31:45","date_gmt":"2026-03-08T00:31:45","guid":{"rendered":"https:\/\/grupotextil.es\/producto\/body-kimono-bebe\/"},"modified":"2026-03-08T01:31:45","modified_gmt":"2026-03-08T00:31:45","slug":"body-kimono-bebe","status":"publish","type":"product","link":"https:\/\/grupotextil.es\/en\/product\/body-kimono-bebe\/","title":{"rendered":"Body kimono beb\u00e9"},"content":{"rendered":"<ul>\n<li>200 g\/m\u00b2<\/li>\n<li>100% algod\u00f3n org\u00e1nico peinado<\/li>\n<li>Color natural sin tratar (excepto white)<\/li>\n<li>Interlock<\/li>\n<li>Manga ragl\u00e1n de longitud media<\/li>\n<li>Abertura estilo kimono<\/li>\n<li>Corchetes en abertura del hombro y bajo<\/li>\n<\/ul>","protected":false},"excerpt":{"rendered":"<p>200 g\/m\u00b2100% algod\u00f3n org\u00e1nico peinadoColor natural sin tratar (excepto white)InterlockManga ragl\u00e1n de longitud mediaAbertura estilo kimonoCorchetes en abertura del hombro y bajo<\/p>","protected":false},"featured_media":406010,"comment_status":"open","ping_status":"closed","template":"","meta":{"_acf_changed":false},"product_brand":[11662],"product_cat":[13974,13975,13973],"product_tag":[],"class_list":{"0":"post-348941","1":"product","2":"type-product","3":"status-publish","4":"has-post-thumbnail","6":"product_brand-babybugz","7":"product_cat-ropa-hombre","8":"product_cat-ropa-mujer","9":"product_cat-ropa","10":"tm-no-options","12":"first","13":"instock","14":"taxable","15":"shipping-taxable","16":"product-type-variable"},"acf":[],"_links":{"self":[{"href":"https:\/\/grupotextil.es\/en\/wp-json\/wp\/v2\/product\/348941","targetHints":{"allow":["GET"]}}],"collection":[{"href":"https:\/\/grupotextil.es\/en\/wp-json\/wp\/v2\/product"}],"about":[{"href":"https:\/\/grupotextil.es\/en\/wp-json\/wp\/v2\/types\/product"}],"replies":[{"embeddable":true,"href":"https:\/\/grupotextil.es\/en\/wp-json\/wp\/v2\/comments?post=348941"}],"wp:featuredmedia":[{"embeddable":true,"href":"https:\/\/grupotextil.es\/en\/wp-json\/wp\/v2\/media\/406010"}],"wp:attachment":[{"href":"https:\/\/grupotextil.es\/en\/wp-json\/wp\/v2\/media?parent=348941"}],"wp:term":[{"taxonomy":"product_brand","embeddable":true,"href":"https:\/\/grupotextil.es\/en\/wp-json\/wp\/v2\/product_brand?post=348941"},{"taxonomy":"product_cat","embeddable":true,"href":"https:\/\/grupotextil.es\/en\/wp-json\/wp\/v2\/product_cat?post=348941"},{"taxonomy":"product_tag","embeddable":true,"href":"https:\/\/grupotextil.es\/en\/wp-json\/wp\/v2\/product_tag?post=348941"}],"curies":[{"name":"wp","href":"https:\/\/api.w.org\/{rel}","templated":true}]}}