{"id":349037,"date":"2026-03-08T01:31:53","date_gmt":"2026-03-08T00:31:53","guid":{"rendered":"https:\/\/grupotextil.es\/producto\/camiseta-tirantes-canale-mujer-micro-rib-spaghetti\/"},"modified":"2026-03-08T01:31:53","modified_gmt":"2026-03-08T00:31:53","slug":"camiseta-tirantes-canale-mujer-micro-rib-spaghetti","status":"publish","type":"product","link":"https:\/\/grupotextil.es\/en\/product\/camiseta-tirantes-canale-mujer-micro-rib-spaghetti\/","title":{"rendered":"Camiseta tirantes canal\u00e9 mujer Micro Rib Spaghetti"},"content":{"rendered":"<ul>\n<li>153 g\/m\u00b2<\/li>\n<li>52% Algod\u00f3n (Airlume peinado ring-spun), 48% Poli\u00e9ster<\/li>\n<li>Heather atl\u00e9tico: 90% algod\u00f3n (Airlume peinado ring-spun, 10% poli\u00e9ster)<\/li>\n<li>Pre-encogido<\/li>\n<li>3\/4 de largo<\/li>\n<li>Costuras laterales<\/li>\n<li>Equipado<\/li>\n<\/ul>","protected":false},"excerpt":{"rendered":"<p>153 g\/m\u00b252% Algod\u00f3n (Airlume peinado ring-spun), 48% Poli\u00e9sterHeather atl\u00e9tico: 90% algod\u00f3n (Airlume peinado ring-spun, 10% poli\u00e9ster)Pre-encogido3\/4 de largoCosturas lateralesEquipado<\/p>","protected":false},"featured_media":406048,"comment_status":"open","ping_status":"closed","template":"","meta":{"_acf_changed":false},"product_brand":[11667],"product_cat":[13974,13975,13973],"product_tag":[],"class_list":{"0":"post-349037","1":"product","2":"type-product","3":"status-publish","4":"has-post-thumbnail","6":"product_brand-bella","7":"product_cat-ropa-hombre","8":"product_cat-ropa-mujer","9":"product_cat-ropa","10":"tm-no-options","12":"first","13":"instock","14":"taxable","15":"shipping-taxable","16":"product-type-variable"},"acf":[],"_links":{"self":[{"href":"https:\/\/grupotextil.es\/en\/wp-json\/wp\/v2\/product\/349037","targetHints":{"allow":["GET"]}}],"collection":[{"href":"https:\/\/grupotextil.es\/en\/wp-json\/wp\/v2\/product"}],"about":[{"href":"https:\/\/grupotextil.es\/en\/wp-json\/wp\/v2\/types\/product"}],"replies":[{"embeddable":true,"href":"https:\/\/grupotextil.es\/en\/wp-json\/wp\/v2\/comments?post=349037"}],"wp:featuredmedia":[{"embeddable":true,"href":"https:\/\/grupotextil.es\/en\/wp-json\/wp\/v2\/media\/406048"}],"wp:attachment":[{"href":"https:\/\/grupotextil.es\/en\/wp-json\/wp\/v2\/media?parent=349037"}],"wp:term":[{"taxonomy":"product_brand","embeddable":true,"href":"https:\/\/grupotextil.es\/en\/wp-json\/wp\/v2\/product_brand?post=349037"},{"taxonomy":"product_cat","embeddable":true,"href":"https:\/\/grupotextil.es\/en\/wp-json\/wp\/v2\/product_cat?post=349037"},{"taxonomy":"product_tag","embeddable":true,"href":"https:\/\/grupotextil.es\/en\/wp-json\/wp\/v2\/product_tag?post=349037"}],"curies":[{"name":"wp","href":"https:\/\/api.w.org\/{rel}","templated":true}]}}