{"id":349165,"date":"2026-03-08T01:31:59","date_gmt":"2026-03-08T00:31:59","guid":{"rendered":"https:\/\/grupotextil.es\/producto\/estuche-sublimacion\/"},"modified":"2026-03-08T01:31:59","modified_gmt":"2026-03-08T00:31:59","slug":"estuche-sublimacion","status":"publish","type":"product","link":"https:\/\/grupotextil.es\/en\/product\/estuche-sublimacion\/","title":{"rendered":"Pencil Case sublimaci\u00f3n"},"content":{"rendered":"<ul>\n<li>100% poli\u00e9ster (600D\/300D)<\/li>\n<li>Compartimento principal con cremallera<\/li>\n<li>Ideal para sublimaci\u00f3n<\/li>\n<li>Facil personalizaci\u00f3n<\/li>\n<li>Tama\u00f1o: 21 x 12 cm<\/li>\n<li>\u00c1rea m\u00e1xima de impresi\u00f3n: 21 x 10 cm<\/li>\n<\/ul>","protected":false},"excerpt":{"rendered":"<p>100% poli\u00e9ster (600D\/300D)Compartimento principal con cremalleraIdeal para sublimaci\u00f3nFacil personalizaci\u00f3nTama\u00f1o: 21 x 12 cm\u00c1rea m\u00e1xima de impresi\u00f3n: 21 x 10 cm<\/p>","protected":false},"featured_media":406096,"comment_status":"open","ping_status":"closed","template":"","meta":{"_acf_changed":false},"product_brand":[11668],"product_cat":[13974,13975,13973],"product_tag":[],"class_list":{"0":"post-349165","1":"product","2":"type-product","3":"status-publish","4":"has-post-thumbnail","6":"product_brand-bag-base","7":"product_cat-ropa-hombre","8":"product_cat-ropa-mujer","9":"product_cat-ropa","10":"tm-no-options","12":"first","13":"instock","14":"taxable","15":"shipping-taxable","16":"product-type-variable"},"acf":[],"_links":{"self":[{"href":"https:\/\/grupotextil.es\/en\/wp-json\/wp\/v2\/product\/349165","targetHints":{"allow":["GET"]}}],"collection":[{"href":"https:\/\/grupotextil.es\/en\/wp-json\/wp\/v2\/product"}],"about":[{"href":"https:\/\/grupotextil.es\/en\/wp-json\/wp\/v2\/types\/product"}],"replies":[{"embeddable":true,"href":"https:\/\/grupotextil.es\/en\/wp-json\/wp\/v2\/comments?post=349165"}],"wp:featuredmedia":[{"embeddable":true,"href":"https:\/\/grupotextil.es\/en\/wp-json\/wp\/v2\/media\/406096"}],"wp:attachment":[{"href":"https:\/\/grupotextil.es\/en\/wp-json\/wp\/v2\/media?parent=349165"}],"wp:term":[{"taxonomy":"product_brand","embeddable":true,"href":"https:\/\/grupotextil.es\/en\/wp-json\/wp\/v2\/product_brand?post=349165"},{"taxonomy":"product_cat","embeddable":true,"href":"https:\/\/grupotextil.es\/en\/wp-json\/wp\/v2\/product_cat?post=349165"},{"taxonomy":"product_tag","embeddable":true,"href":"https:\/\/grupotextil.es\/en\/wp-json\/wp\/v2\/product_tag?post=349165"}],"curies":[{"name":"wp","href":"https:\/\/api.w.org\/{rel}","templated":true}]}}