{"id":349264,"date":"2026-03-08T01:32:03","date_gmt":"2026-03-08T00:32:03","guid":{"rendered":"https:\/\/grupotextil.es\/producto\/camiseta-de-tirantes-mujer-micro-rib-racer\/"},"modified":"2026-03-08T01:32:03","modified_gmt":"2026-03-08T00:32:03","slug":"camiseta-de-tirantes-mujer-micro-rib-racer","status":"publish","type":"product","link":"https:\/\/grupotextil.es\/en\/product\/camiseta-de-tirantes-mujer-micro-rib-racer\/","title":{"rendered":"Camiseta de tirantes mujer Micro Rib Racer"},"content":{"rendered":"<ul>\n<li>153 g\/m\u00b2<\/li>\n<li>52% Algod\u00f3n (Airlume peinado ring-spun), 48% Poli\u00e9ster<\/li>\n<li>Heather atl\u00e9tico: 90 % algod\u00f3n (Airlume peinado ring-spun, 10 % poli\u00e9ster)<\/li>\n<li>Cuello alto con ribete acanalado.<\/li>\n<li>Sisas con ribete acanalado.<\/li>\n<li>3\/4 de largo<\/li>\n<li>Equipado<\/li>\n<\/ul>","protected":false},"excerpt":{"rendered":"<p>153 g\/m\u00b252% Algod\u00f3n (Airlume peinado ring-spun), 48% Poli\u00e9sterHeather atl\u00e9tico: 90 % algod\u00f3n (Airlume peinado ring-spun, 10 % poli\u00e9ster)Cuello alto con ribete acanalado.<\/p>","protected":false},"featured_media":406127,"comment_status":"open","ping_status":"closed","template":"","meta":{"_acf_changed":false},"product_brand":[11667],"product_cat":[13974,13975,13973],"product_tag":[],"class_list":{"0":"post-349264","1":"product","2":"type-product","3":"status-publish","4":"has-post-thumbnail","6":"product_brand-bella","7":"product_cat-ropa-hombre","8":"product_cat-ropa-mujer","9":"product_cat-ropa","10":"tm-no-options","12":"first","13":"instock","14":"taxable","15":"shipping-taxable","16":"product-type-variable"},"acf":[],"_links":{"self":[{"href":"https:\/\/grupotextil.es\/en\/wp-json\/wp\/v2\/product\/349264","targetHints":{"allow":["GET"]}}],"collection":[{"href":"https:\/\/grupotextil.es\/en\/wp-json\/wp\/v2\/product"}],"about":[{"href":"https:\/\/grupotextil.es\/en\/wp-json\/wp\/v2\/types\/product"}],"replies":[{"embeddable":true,"href":"https:\/\/grupotextil.es\/en\/wp-json\/wp\/v2\/comments?post=349264"}],"wp:featuredmedia":[{"embeddable":true,"href":"https:\/\/grupotextil.es\/en\/wp-json\/wp\/v2\/media\/406127"}],"wp:attachment":[{"href":"https:\/\/grupotextil.es\/en\/wp-json\/wp\/v2\/media?parent=349264"}],"wp:term":[{"taxonomy":"product_brand","embeddable":true,"href":"https:\/\/grupotextil.es\/en\/wp-json\/wp\/v2\/product_brand?post=349264"},{"taxonomy":"product_cat","embeddable":true,"href":"https:\/\/grupotextil.es\/en\/wp-json\/wp\/v2\/product_cat?post=349264"},{"taxonomy":"product_tag","embeddable":true,"href":"https:\/\/grupotextil.es\/en\/wp-json\/wp\/v2\/product_tag?post=349264"}],"curies":[{"name":"wp","href":"https:\/\/api.w.org\/{rel}","templated":true}]}}