{"id":349405,"date":"2026-03-08T01:32:10","date_gmt":"2026-03-08T00:32:10","guid":{"rendered":"https:\/\/grupotextil.es\/producto\/camiseta-3-4-raglan-mujer-micro-rib\/"},"modified":"2026-03-08T01:32:10","modified_gmt":"2026-03-08T00:32:10","slug":"camiseta-3-4-raglan-mujer-micro-rib","status":"publish","type":"product","link":"https:\/\/grupotextil.es\/en\/product\/camiseta-3-4-raglan-mujer-micro-rib\/","title":{"rendered":"Camiseta 3\/4 ragl\u00e1n mujer Micro Rib"},"content":{"rendered":"<ul>\n<li>153 g\/m\u00b2<\/li>\n<li>52% Algod\u00f3n (Airlume peinado ring-spun), 48% Poli\u00e9ster<\/li>\n<li>Heather atl\u00e9tico: 90% algod\u00f3n (Airlume peinado ring-spun, 10% poli\u00e9ster)<\/li>\n<li>Pre-encogido<\/li>\n<li>Cuello redondo con ribete acanalado.<\/li>\n<li>Mangas ragl\u00e1n en color de contraste.<\/li>\n<li>Longitud media<\/li>\n<li>Costuras laterales<\/li>\n<li>Ajuste el\u00e1stico.<\/li>\n<li>Equipado<\/li>\n<\/ul>","protected":false},"excerpt":{"rendered":"<p>153 g\/m\u00b252% Algod\u00f3n (Airlume peinado ring-spun), 48% Poli\u00e9sterHeather atl\u00e9tico: 90% algod\u00f3n (Airlume peinado ring-spun, 10% poli\u00e9ster)Pre-encogidoCuello redondo con ribete acanalado.<\/p>","protected":false},"featured_media":406173,"comment_status":"open","ping_status":"closed","template":"","meta":{"_acf_changed":false},"product_brand":[11667],"product_cat":[13974,13975,13973],"product_tag":[],"class_list":{"0":"post-349405","1":"product","2":"type-product","3":"status-publish","4":"has-post-thumbnail","6":"product_brand-bella","7":"product_cat-ropa-hombre","8":"product_cat-ropa-mujer","9":"product_cat-ropa","10":"tm-no-options","12":"first","13":"instock","14":"taxable","15":"shipping-taxable","16":"product-type-variable"},"acf":[],"_links":{"self":[{"href":"https:\/\/grupotextil.es\/en\/wp-json\/wp\/v2\/product\/349405","targetHints":{"allow":["GET"]}}],"collection":[{"href":"https:\/\/grupotextil.es\/en\/wp-json\/wp\/v2\/product"}],"about":[{"href":"https:\/\/grupotextil.es\/en\/wp-json\/wp\/v2\/types\/product"}],"replies":[{"embeddable":true,"href":"https:\/\/grupotextil.es\/en\/wp-json\/wp\/v2\/comments?post=349405"}],"wp:featuredmedia":[{"embeddable":true,"href":"https:\/\/grupotextil.es\/en\/wp-json\/wp\/v2\/media\/406173"}],"wp:attachment":[{"href":"https:\/\/grupotextil.es\/en\/wp-json\/wp\/v2\/media?parent=349405"}],"wp:term":[{"taxonomy":"product_brand","embeddable":true,"href":"https:\/\/grupotextil.es\/en\/wp-json\/wp\/v2\/product_brand?post=349405"},{"taxonomy":"product_cat","embeddable":true,"href":"https:\/\/grupotextil.es\/en\/wp-json\/wp\/v2\/product_cat?post=349405"},{"taxonomy":"product_tag","embeddable":true,"href":"https:\/\/grupotextil.es\/en\/wp-json\/wp\/v2\/product_tag?post=349405"}],"curies":[{"name":"wp","href":"https:\/\/api.w.org\/{rel}","templated":true}]}}