{"id":349513,"date":"2026-03-08T01:32:16","date_gmt":"2026-03-08T00:32:16","guid":{"rendered":"https:\/\/grupotextil.es\/producto\/toalla-de-manos-volga-classic\/"},"modified":"2026-03-08T01:32:16","modified_gmt":"2026-03-08T00:32:16","slug":"toalla-de-manos-volga-classic","status":"publish","type":"product","link":"https:\/\/grupotextil.es\/en\/product\/toalla-de-manos-volga-classic\/","title":{"rendered":"Towel de Manos Volga CLASSIC"},"content":{"rendered":"<ul>\n<li>400 g\/m\u00b2<\/li>\n<li>100% algod\u00f3n (hilado en anillos)<\/li>\n<li>Hotel, gimnasio y comida homologados<\/li>\n<li>Colores te\u00f1idos reactivos<\/li>\n<li>1 lazo para colgar<\/li>\n<li>Tama\u00f1o: 50x100cm<\/li>\n<li>Lavable hasta 60\u00b0C<\/li>\n<li>Apto para secadora y plancha (nivel 1).<\/li>\n<\/ul>","protected":false},"excerpt":{"rendered":"<p>400 g\/m\u00b2100% algod\u00f3n (hilado en anillos)Hotel, gimnasio y comida homologadosColores te\u00f1idos reactivos1 lazo para colgarTama\u00f1o: 50x100cmLavable hasta 60\u00b0CApto para secadora y plancha (nivel 1).<\/p>","protected":false},"featured_media":406197,"comment_status":"open","ping_status":"closed","template":"","meta":{"_acf_changed":false},"product_brand":[11654],"product_cat":[13974,13975,13973],"product_tag":[],"class_list":{"0":"post-349513","1":"product","2":"type-product","3":"status-publish","4":"has-post-thumbnail","6":"product_brand-sg-accessories-towels","7":"product_cat-ropa-hombre","8":"product_cat-ropa-mujer","9":"product_cat-ropa","10":"tm-no-options","12":"first","13":"instock","14":"taxable","15":"shipping-taxable","16":"product-type-variable"},"acf":[],"_links":{"self":[{"href":"https:\/\/grupotextil.es\/en\/wp-json\/wp\/v2\/product\/349513","targetHints":{"allow":["GET"]}}],"collection":[{"href":"https:\/\/grupotextil.es\/en\/wp-json\/wp\/v2\/product"}],"about":[{"href":"https:\/\/grupotextil.es\/en\/wp-json\/wp\/v2\/types\/product"}],"replies":[{"embeddable":true,"href":"https:\/\/grupotextil.es\/en\/wp-json\/wp\/v2\/comments?post=349513"}],"wp:featuredmedia":[{"embeddable":true,"href":"https:\/\/grupotextil.es\/en\/wp-json\/wp\/v2\/media\/406197"}],"wp:attachment":[{"href":"https:\/\/grupotextil.es\/en\/wp-json\/wp\/v2\/media?parent=349513"}],"wp:term":[{"taxonomy":"product_brand","embeddable":true,"href":"https:\/\/grupotextil.es\/en\/wp-json\/wp\/v2\/product_brand?post=349513"},{"taxonomy":"product_cat","embeddable":true,"href":"https:\/\/grupotextil.es\/en\/wp-json\/wp\/v2\/product_cat?post=349513"},{"taxonomy":"product_tag","embeddable":true,"href":"https:\/\/grupotextil.es\/en\/wp-json\/wp\/v2\/product_tag?post=349513"}],"curies":[{"name":"wp","href":"https:\/\/api.w.org\/{rel}","templated":true}]}}