{"id":349520,"date":"2026-03-08T01:32:16","date_gmt":"2026-03-08T00:32:16","guid":{"rendered":"https:\/\/grupotextil.es\/producto\/casaca-manga-corta-para-hombre-essential\/"},"modified":"2026-03-08T01:32:16","modified_gmt":"2026-03-08T00:32:16","slug":"casaca-manga-corta-para-hombre-essential","status":"publish","type":"product","link":"https:\/\/grupotextil.es\/en\/product\/casaca-manga-corta-para-hombre-essential\/","title":{"rendered":"Casaca manga corta para hombre Essential"},"content":{"rendered":"<ul>\n<li>150 g\/m\u00b2<\/li>\n<li>65% poli\u00e9ster (reciclado), 35% algod\u00f3n (sarga)<\/li>\n<li>Tejido ligero<\/li>\n<li>No desti\u00f1e, f\u00e1cil cuidado, sostenible<\/li>\n<li>Cuello en pico<\/li>\n<li>Bolsillos laterales de parche, uno con bolsillo interior oculto<\/li>\n<li>Lazo en el bolsillo lateral para un llavero<\/li>\n<li>Bolsillo en el pecho a la izquierda con bolsillo para bol\u00edgrafo<\/li>\n<li>Corte recto<\/li>\n<li>Lavable hasta 95 \u00b0 C<\/li>\n<\/ul>","protected":false},"excerpt":{"rendered":"<p>150 g\/m\u00b265% poli\u00e9ster (reciclado), 35% algod\u00f3n (sarga)Tejido ligeroNo desti\u00f1e, f\u00e1cil cuidado, sostenibleCuello en picoBolsillos laterales de parche, uno con bolsillo interior ocultoLazo en el bolsillo<\/p>","protected":false},"featured_media":406199,"comment_status":"open","ping_status":"closed","template":"","meta":{"_acf_changed":false},"product_brand":[11673],"product_cat":[13974,13975,13973],"product_tag":[],"class_list":{"0":"post-349520","1":"product","2":"type-product","3":"status-publish","4":"has-post-thumbnail","6":"product_brand-karlowsky","7":"product_cat-ropa-hombre","8":"product_cat-ropa-mujer","9":"product_cat-ropa","10":"tm-no-options","12":"first","13":"instock","14":"taxable","15":"shipping-taxable","16":"product-type-variable"},"acf":[],"_links":{"self":[{"href":"https:\/\/grupotextil.es\/en\/wp-json\/wp\/v2\/product\/349520","targetHints":{"allow":["GET"]}}],"collection":[{"href":"https:\/\/grupotextil.es\/en\/wp-json\/wp\/v2\/product"}],"about":[{"href":"https:\/\/grupotextil.es\/en\/wp-json\/wp\/v2\/types\/product"}],"replies":[{"embeddable":true,"href":"https:\/\/grupotextil.es\/en\/wp-json\/wp\/v2\/comments?post=349520"}],"wp:featuredmedia":[{"embeddable":true,"href":"https:\/\/grupotextil.es\/en\/wp-json\/wp\/v2\/media\/406199"}],"wp:attachment":[{"href":"https:\/\/grupotextil.es\/en\/wp-json\/wp\/v2\/media?parent=349520"}],"wp:term":[{"taxonomy":"product_brand","embeddable":true,"href":"https:\/\/grupotextil.es\/en\/wp-json\/wp\/v2\/product_brand?post=349520"},{"taxonomy":"product_cat","embeddable":true,"href":"https:\/\/grupotextil.es\/en\/wp-json\/wp\/v2\/product_cat?post=349520"},{"taxonomy":"product_tag","embeddable":true,"href":"https:\/\/grupotextil.es\/en\/wp-json\/wp\/v2\/product_tag?post=349520"}],"curies":[{"name":"wp","href":"https:\/\/api.w.org\/{rel}","templated":true}]}}