{"id":349771,"date":"2026-03-08T01:32:26","date_gmt":"2026-03-08T00:32:26","guid":{"rendered":"https:\/\/grupotextil.es\/producto\/pelele-bebe\/"},"modified":"2026-03-08T01:32:26","modified_gmt":"2026-03-08T00:32:26","slug":"pelele-bebe","status":"publish","type":"product","link":"https:\/\/grupotextil.es\/en\/product\/pelele-bebe\/","title":{"rendered":"Pelele beb\u00e9"},"content":{"rendered":"<ul>\n<li>200 g\/m\u00b2<\/li>\n<li>100% algod\u00f3n org\u00e1nico<\/li>\n<li>Cuello abierto con suave ribete en canal\u00e9<\/li>\n<li>Cuello y mangas c\u00f3modos<\/li>\n<li>Con guantes ajustables en pu\u00f1os<\/li>\n<li>Corchetes sin n\u00edquel para f\u00e1cil colocaci\u00f3n<\/li>\n<li>Con pies<\/li>\n<li>Etiqueta extra\u00edble<\/li>\n<\/ul>","protected":false},"excerpt":{"rendered":"<p>200 g\/m\u00b2100% algod\u00f3n org\u00e1nicoCuello abierto con suave ribete en canal\u00e9Cuello y mangas c\u00f3modosCon guantes ajustables en pu\u00f1osCorchetes sin n\u00edquel para f\u00e1cil colocaci\u00f3nCon piesEtiqueta extra\u00edble<\/p>","protected":false},"featured_media":406271,"comment_status":"open","ping_status":"closed","template":"","meta":{"_acf_changed":false},"product_brand":[11662],"product_cat":[13977,13974,13975,13973],"product_tag":[],"class_list":{"0":"post-349771","1":"product","2":"type-product","3":"status-publish","4":"has-post-thumbnail","6":"product_brand-babybugz","7":"product_cat-h-camisetas-manga-corta","8":"product_cat-ropa-hombre","9":"product_cat-ropa-mujer","10":"product_cat-ropa","11":"tm-no-options","13":"first","14":"instock","15":"taxable","16":"shipping-taxable","17":"product-type-variable"},"acf":[],"_links":{"self":[{"href":"https:\/\/grupotextil.es\/en\/wp-json\/wp\/v2\/product\/349771","targetHints":{"allow":["GET"]}}],"collection":[{"href":"https:\/\/grupotextil.es\/en\/wp-json\/wp\/v2\/product"}],"about":[{"href":"https:\/\/grupotextil.es\/en\/wp-json\/wp\/v2\/types\/product"}],"replies":[{"embeddable":true,"href":"https:\/\/grupotextil.es\/en\/wp-json\/wp\/v2\/comments?post=349771"}],"wp:featuredmedia":[{"embeddable":true,"href":"https:\/\/grupotextil.es\/en\/wp-json\/wp\/v2\/media\/406271"}],"wp:attachment":[{"href":"https:\/\/grupotextil.es\/en\/wp-json\/wp\/v2\/media?parent=349771"}],"wp:term":[{"taxonomy":"product_brand","embeddable":true,"href":"https:\/\/grupotextil.es\/en\/wp-json\/wp\/v2\/product_brand?post=349771"},{"taxonomy":"product_cat","embeddable":true,"href":"https:\/\/grupotextil.es\/en\/wp-json\/wp\/v2\/product_cat?post=349771"},{"taxonomy":"product_tag","embeddable":true,"href":"https:\/\/grupotextil.es\/en\/wp-json\/wp\/v2\/product_tag?post=349771"}],"curies":[{"name":"wp","href":"https:\/\/api.w.org\/{rel}","templated":true}]}}