{"id":349962,"date":"2026-03-08T01:32:41","date_gmt":"2026-03-08T00:32:41","guid":{"rendered":"https:\/\/grupotextil.es\/producto\/mochila-newcastle-hydro\/"},"modified":"2026-03-08T01:32:41","modified_gmt":"2026-03-08T00:32:41","slug":"mochila-newcastle-hydro","status":"publish","type":"product","link":"https:\/\/grupotextil.es\/en\/product\/mochila-newcastle-hydro\/","title":{"rendered":"Mochila Newcastle Hydro"},"content":{"rendered":"<ul>\n<li>100% poli\u00e9ster (210D, 600D, Ripstop)<\/li>\n<li>Inserciones de PU y PVC<\/li>\n<li>Mochila para exteriores ligera y duradera<\/li>\n<li>Asa de transporte<\/li>\n<li>Correas de hombro ajustables con correa para el pecho<\/li>\n<li>Gran compartimento principal con cremallera con bolsa de agua integrada de 3 l con pajita<\/li>\n<li>Compartimento adicional en la parte delantera<\/li>\n<li>Capacidad: 18 Litros<\/li>\n<li>Medidas: 16 x 15 x 50 cm<\/li>\n<li>Adecuado para serigraf\u00eda, transfer o bordado<\/li>\n<li>M\u00e1x. bordado: 8 aro tubular<\/li>\n<li>M\u00e1x. \u00e1rea de impresi\u00f3n: 8 x 10 cm<\/li>\n<\/ul>","protected":false},"excerpt":{"rendered":"<p>100% poli\u00e9ster (210D, 600D, Ripstop)Inserciones de PU y PVCMochila para exteriores ligera y duraderaAsa de transporteCorreas de hombro ajustables con correa para el pechoGran compartimento principa&#8230;<\/p>","protected":false},"featured_media":406369,"comment_status":"open","ping_status":"closed","template":"","meta":{"_acf_changed":false},"product_brand":[11660],"product_cat":[13977,13974,13975,13973],"product_tag":[],"class_list":{"0":"post-349962","1":"product","2":"type-product","3":"status-publish","4":"has-post-thumbnail","6":"product_brand-shugon","7":"product_cat-h-camisetas-manga-corta","8":"product_cat-ropa-hombre","9":"product_cat-ropa-mujer","10":"product_cat-ropa","11":"tm-no-options","13":"first","14":"instock","15":"taxable","16":"shipping-taxable","17":"product-type-variable"},"acf":[],"_links":{"self":[{"href":"https:\/\/grupotextil.es\/en\/wp-json\/wp\/v2\/product\/349962","targetHints":{"allow":["GET"]}}],"collection":[{"href":"https:\/\/grupotextil.es\/en\/wp-json\/wp\/v2\/product"}],"about":[{"href":"https:\/\/grupotextil.es\/en\/wp-json\/wp\/v2\/types\/product"}],"replies":[{"embeddable":true,"href":"https:\/\/grupotextil.es\/en\/wp-json\/wp\/v2\/comments?post=349962"}],"wp:featuredmedia":[{"embeddable":true,"href":"https:\/\/grupotextil.es\/en\/wp-json\/wp\/v2\/media\/406369"}],"wp:attachment":[{"href":"https:\/\/grupotextil.es\/en\/wp-json\/wp\/v2\/media?parent=349962"}],"wp:term":[{"taxonomy":"product_brand","embeddable":true,"href":"https:\/\/grupotextil.es\/en\/wp-json\/wp\/v2\/product_brand?post=349962"},{"taxonomy":"product_cat","embeddable":true,"href":"https:\/\/grupotextil.es\/en\/wp-json\/wp\/v2\/product_cat?post=349962"},{"taxonomy":"product_tag","embeddable":true,"href":"https:\/\/grupotextil.es\/en\/wp-json\/wp\/v2\/product_tag?post=349962"}],"curies":[{"name":"wp","href":"https:\/\/api.w.org\/{rel}","templated":true}]}}