{"id":350021,"date":"2026-03-08T01:32:47","date_gmt":"2026-03-08T00:32:47","guid":{"rendered":"https:\/\/grupotextil.es\/producto\/pantalon-sweatpants\/"},"modified":"2026-03-08T01:32:47","modified_gmt":"2026-03-08T00:32:47","slug":"pantalon-sweatpants","status":"publish","type":"product","link":"https:\/\/grupotextil.es\/en\/product\/pantalon-sweatpants\/","title":{"rendered":"Trouser Sweatpants"},"content":{"rendered":"<ul>\n<li>250 g\/m\u00b2<\/li>\n<li>80% algod\u00f3n, 20% poli\u00e9ster<\/li>\n<li>Heather Grey Melange: 84% algod\u00f3n, 16% viscosa<\/li>\n<li>Polar interior<\/li>\n<li>Cintura suave y el\u00e1stica en canal\u00e9<\/li>\n<li>Cord\u00f3n<\/li>\n<li>Etiqueta extra\u00edble<\/li>\n<li>Pu\u00f1os en canal\u00e9. Pueden ser doblados o desdoblados a medida que vaya creciendo el ni\u00f1o<\/li>\n<li>Corte extra c\u00f3modo<\/li>\n<li>Sin costuras en la parte delantera y trasera para facilirar la decoraci\u00f3n<\/li>\n<\/ul>","protected":false},"excerpt":{"rendered":"<p>250 g\/m\u00b280% algod\u00f3n, 20% poli\u00e9sterHeather Grey Melange: 84% algod\u00f3n, 16% viscosaPolar interiorCintura suave y el\u00e1stica en canal\u00e9Cord\u00f3nEtiqueta extra\u00edblePu\u00f1os en canal\u00e9.<\/p>","protected":false},"featured_media":406391,"comment_status":"open","ping_status":"closed","template":"","meta":{"_acf_changed":false},"product_brand":[11662],"product_cat":[13977,13974,13975,13973],"product_tag":[],"class_list":{"0":"post-350021","1":"product","2":"type-product","3":"status-publish","4":"has-post-thumbnail","6":"product_brand-babybugz","7":"product_cat-h-camisetas-manga-corta","8":"product_cat-ropa-hombre","9":"product_cat-ropa-mujer","10":"product_cat-ropa","11":"tm-no-options","13":"first","14":"instock","15":"taxable","16":"shipping-taxable","17":"product-type-variable"},"acf":[],"_links":{"self":[{"href":"https:\/\/grupotextil.es\/en\/wp-json\/wp\/v2\/product\/350021","targetHints":{"allow":["GET"]}}],"collection":[{"href":"https:\/\/grupotextil.es\/en\/wp-json\/wp\/v2\/product"}],"about":[{"href":"https:\/\/grupotextil.es\/en\/wp-json\/wp\/v2\/types\/product"}],"replies":[{"embeddable":true,"href":"https:\/\/grupotextil.es\/en\/wp-json\/wp\/v2\/comments?post=350021"}],"wp:featuredmedia":[{"embeddable":true,"href":"https:\/\/grupotextil.es\/en\/wp-json\/wp\/v2\/media\/406391"}],"wp:attachment":[{"href":"https:\/\/grupotextil.es\/en\/wp-json\/wp\/v2\/media?parent=350021"}],"wp:term":[{"taxonomy":"product_brand","embeddable":true,"href":"https:\/\/grupotextil.es\/en\/wp-json\/wp\/v2\/product_brand?post=350021"},{"taxonomy":"product_cat","embeddable":true,"href":"https:\/\/grupotextil.es\/en\/wp-json\/wp\/v2\/product_cat?post=350021"},{"taxonomy":"product_tag","embeddable":true,"href":"https:\/\/grupotextil.es\/en\/wp-json\/wp\/v2\/product_tag?post=350021"}],"curies":[{"name":"wp","href":"https:\/\/api.w.org\/{rel}","templated":true}]}}