{"id":350378,"date":"2026-03-08T01:33:33","date_gmt":"2026-03-08T00:33:33","guid":{"rendered":"https:\/\/grupotextil.es\/producto\/camiseta-cooldry-tee-hombre\/"},"modified":"2026-03-08T01:33:33","modified_gmt":"2026-03-08T00:33:33","slug":"camiseta-cooldry-tee-hombre","status":"publish","type":"product","link":"https:\/\/grupotextil.es\/en\/product\/camiseta-cooldry-tee-hombre\/","title":{"rendered":"Camiseta COOLdry Tee hombre"},"content":{"rendered":"<ul>\n<li>160 g\/m\u00b2<\/li>\n<li>95% poli\u00e9ster (COOLdry), 5% elastano<\/li>\n<li>Tejido ligero y tacto suave<\/li>\n<li>Transpirable<\/li>\n<li>Tejido de secado r\u00e1pido y anti sudoraci\u00f3n<\/li>\n<li>Puntada plana<\/li>\n<li>Reflectantes<\/li>\n<li>Corte deportivo<\/li>\n<\/ul>","protected":false},"excerpt":{"rendered":"<p>160 g\/m\u00b295% poli\u00e9ster (COOLdry), 5% elastanoTejido ligero y tacto suaveTranspirableTejido de secado r\u00e1pido y anti sudoraci\u00f3nPuntada planaReflectantesCorte deportivo<\/p>","protected":false},"featured_media":406542,"comment_status":"open","ping_status":"closed","template":"","meta":{"_acf_changed":false},"product_brand":[11671],"product_cat":[13977,13974,13975,13973],"product_tag":[14010,14009],"class_list":{"0":"post-350378","1":"product","2":"type-product","3":"status-publish","4":"has-post-thumbnail","6":"product_brand-tee-jays","7":"product_cat-h-camisetas-manga-corta","8":"product_cat-ropa-hombre","9":"product_cat-ropa-mujer","10":"product_cat-ropa","11":"product_tag-nuevo-2026","12":"product_tag-top-ventas","13":"tm-no-options","15":"first","16":"instock","17":"taxable","18":"shipping-taxable","19":"product-type-variable"},"acf":[],"_links":{"self":[{"href":"https:\/\/grupotextil.es\/en\/wp-json\/wp\/v2\/product\/350378","targetHints":{"allow":["GET"]}}],"collection":[{"href":"https:\/\/grupotextil.es\/en\/wp-json\/wp\/v2\/product"}],"about":[{"href":"https:\/\/grupotextil.es\/en\/wp-json\/wp\/v2\/types\/product"}],"replies":[{"embeddable":true,"href":"https:\/\/grupotextil.es\/en\/wp-json\/wp\/v2\/comments?post=350378"}],"wp:featuredmedia":[{"embeddable":true,"href":"https:\/\/grupotextil.es\/en\/wp-json\/wp\/v2\/media\/406542"}],"wp:attachment":[{"href":"https:\/\/grupotextil.es\/en\/wp-json\/wp\/v2\/media?parent=350378"}],"wp:term":[{"taxonomy":"product_brand","embeddable":true,"href":"https:\/\/grupotextil.es\/en\/wp-json\/wp\/v2\/product_brand?post=350378"},{"taxonomy":"product_cat","embeddable":true,"href":"https:\/\/grupotextil.es\/en\/wp-json\/wp\/v2\/product_cat?post=350378"},{"taxonomy":"product_tag","embeddable":true,"href":"https:\/\/grupotextil.es\/en\/wp-json\/wp\/v2\/product_tag?post=350378"}],"curies":[{"name":"wp","href":"https:\/\/api.w.org\/{rel}","templated":true}]}}