{"id":350441,"date":"2026-03-08T01:33:36","date_gmt":"2026-03-08T00:33:36","guid":{"rendered":"https:\/\/grupotextil.es\/producto\/pantalon-corto-capa-base-bodyfit-nino\/"},"modified":"2026-03-08T01:33:36","modified_gmt":"2026-03-08T00:33:36","slug":"pantalon-corto-capa-base-bodyfit-nino","status":"publish","type":"product","link":"https:\/\/grupotextil.es\/en\/product\/pantalon-corto-capa-base-bodyfit-nino\/","title":{"rendered":"Trouser corto capa base Bodyfit Kids"},"content":{"rendered":"<ul>\n<li>200 g\/m\u00b2<\/li>\n<li>80% poliamida, 20% elast\u00e1n<\/li>\n<li>Cintura el\u00e1stica<\/li>\n<li>Costuras laterales planas<\/li>\n<li>Paneles de contorno<\/li>\n<li>Extremadamente ligero, protege del viento, transpirable, secado r\u00e1pido<\/li>\n<li>Mantiene la piel fresca y c\u00f3moda<\/li>\n<li>Bolsillo interior para llaves<\/li>\n<li>Impresi\u00f3n del logo SPIRO reflectante<\/li>\n<li>Apropiado para impresi\u00f3n transfer y bordado<\/li>\n<\/ul>","protected":false},"excerpt":{"rendered":"<p>200 g\/m\u00b280% poliamida, 20% elast\u00e1nCintura el\u00e1sticaCosturas laterales planasPaneles de contornoExtremadamente ligero, protege del viento, transpirable, secado r\u00e1pidoMantiene la piel fresca y c\u00f3modaBols<\/p>","protected":false},"featured_media":406555,"comment_status":"open","ping_status":"closed","template":"","meta":{"_acf_changed":false},"product_brand":[11669],"product_cat":[13977,13974,13975,13973],"product_tag":[],"class_list":{"0":"post-350441","1":"product","2":"type-product","3":"status-publish","4":"has-post-thumbnail","6":"product_brand-result","7":"product_cat-h-camisetas-manga-corta","8":"product_cat-ropa-hombre","9":"product_cat-ropa-mujer","10":"product_cat-ropa","11":"tm-no-options","13":"first","14":"instock","15":"taxable","16":"shipping-taxable","17":"product-type-variable"},"acf":[],"_links":{"self":[{"href":"https:\/\/grupotextil.es\/en\/wp-json\/wp\/v2\/product\/350441","targetHints":{"allow":["GET"]}}],"collection":[{"href":"https:\/\/grupotextil.es\/en\/wp-json\/wp\/v2\/product"}],"about":[{"href":"https:\/\/grupotextil.es\/en\/wp-json\/wp\/v2\/types\/product"}],"replies":[{"embeddable":true,"href":"https:\/\/grupotextil.es\/en\/wp-json\/wp\/v2\/comments?post=350441"}],"wp:featuredmedia":[{"embeddable":true,"href":"https:\/\/grupotextil.es\/en\/wp-json\/wp\/v2\/media\/406555"}],"wp:attachment":[{"href":"https:\/\/grupotextil.es\/en\/wp-json\/wp\/v2\/media?parent=350441"}],"wp:term":[{"taxonomy":"product_brand","embeddable":true,"href":"https:\/\/grupotextil.es\/en\/wp-json\/wp\/v2\/product_brand?post=350441"},{"taxonomy":"product_cat","embeddable":true,"href":"https:\/\/grupotextil.es\/en\/wp-json\/wp\/v2\/product_cat?post=350441"},{"taxonomy":"product_tag","embeddable":true,"href":"https:\/\/grupotextil.es\/en\/wp-json\/wp\/v2\/product_tag?post=350441"}],"curies":[{"name":"wp","href":"https:\/\/api.w.org\/{rel}","templated":true}]}}