{"id":350661,"date":"2026-03-08T01:34:09","date_gmt":"2026-03-08T00:34:09","guid":{"rendered":"https:\/\/grupotextil.es\/producto\/chaqueta-efecto-plumon-holkam-mujer\/"},"modified":"2026-03-08T01:34:09","modified_gmt":"2026-03-08T00:34:09","slug":"chaqueta-efecto-plumon-holkam-mujer","status":"publish","type":"product","link":"https:\/\/grupotextil.es\/en\/product\/chaqueta-efecto-plumon-holkam-mujer\/","title":{"rendered":"Chaqueta efecto plum\u00f3n Holkam mujer"},"content":{"rendered":"<ul>\n<li>Exterior: 100% poli\u00e9ster (StormDri) antirotura con micro tejido aterciopelado<\/li>\n<li>Aislante: 150 g\/m\u00b2, 100% poli\u00e9ster<\/li>\n<li>Relleno: 100% poli\u00e9ster reciclado<\/li>\n<li>Acolchado (efecto plum\u00f3n)<\/li>\n<li>Resistente al viento y repelente al agua<\/li>\n<li>Cuello alto con forro polar<\/li>\n<li>Cremallera entera con logo<\/li>\n<li>Mangas ajustables<\/li>\n<li>Dos bolsillos laterales y un bolsillo interior con cremallera<\/li>\n<li>Cord\u00f3n en el bajo<\/li>\n<li>Cintura ajustada<\/li>\n<li>Acceso para decoraci\u00f3n en la espalda y en la parte izquierda del pecho<\/li>\n<li>Adecuado para impresi\u00f3n y bordado.<\/li>\n<li>COLORES DESCATALOGADOS: Se retiran 1 colores de la colecci\u00f3n Falk&amp;Ross (Todav\u00eda est\u00e1n en el portfolio del fabricante).<\/li>\n<\/ul>","protected":false},"excerpt":{"rendered":"<p>Exterior: 100% poli\u00e9ster (StormDri) antirotura con micro tejido aterciopeladoAislante: 150 g\/m\u00b2, 100% poli\u00e9sterRelleno: 100% poli\u00e9ster recicladoAcolchado (efecto plum\u00f3n)Resistente al viento y repel&#8230;<\/p>","protected":false},"featured_media":406747,"comment_status":"open","ping_status":"closed","template":"","meta":{"_acf_changed":false},"product_brand":[11669],"product_cat":[13954,13974,13975,13973],"product_tag":[],"class_list":{"0":"post-350661","1":"product","2":"type-product","3":"status-publish","4":"has-post-thumbnail","6":"product_brand-result","7":"product_cat-acc-bolsas-y-mochilas","8":"product_cat-ropa-hombre","9":"product_cat-ropa-mujer","10":"product_cat-ropa","11":"tm-no-options","13":"first","14":"instock","15":"taxable","16":"shipping-taxable","17":"product-type-variable"},"acf":[],"_links":{"self":[{"href":"https:\/\/grupotextil.es\/en\/wp-json\/wp\/v2\/product\/350661","targetHints":{"allow":["GET"]}}],"collection":[{"href":"https:\/\/grupotextil.es\/en\/wp-json\/wp\/v2\/product"}],"about":[{"href":"https:\/\/grupotextil.es\/en\/wp-json\/wp\/v2\/types\/product"}],"replies":[{"embeddable":true,"href":"https:\/\/grupotextil.es\/en\/wp-json\/wp\/v2\/comments?post=350661"}],"wp:featuredmedia":[{"embeddable":true,"href":"https:\/\/grupotextil.es\/en\/wp-json\/wp\/v2\/media\/406747"}],"wp:attachment":[{"href":"https:\/\/grupotextil.es\/en\/wp-json\/wp\/v2\/media?parent=350661"}],"wp:term":[{"taxonomy":"product_brand","embeddable":true,"href":"https:\/\/grupotextil.es\/en\/wp-json\/wp\/v2\/product_brand?post=350661"},{"taxonomy":"product_cat","embeddable":true,"href":"https:\/\/grupotextil.es\/en\/wp-json\/wp\/v2\/product_cat?post=350661"},{"taxonomy":"product_tag","embeddable":true,"href":"https:\/\/grupotextil.es\/en\/wp-json\/wp\/v2\/product_tag?post=350661"}],"curies":[{"name":"wp","href":"https:\/\/api.w.org\/{rel}","templated":true}]}}