{"id":350946,"date":"2026-03-08T01:34:22","date_gmt":"2026-03-08T00:34:22","guid":{"rendered":"https:\/\/grupotextil.es\/producto\/maleta-de-ruedas-elegante-kathmandu\/"},"modified":"2026-03-08T01:34:22","modified_gmt":"2026-03-08T00:34:22","slug":"maleta-de-ruedas-elegante-kathmandu","status":"publish","type":"product","link":"https:\/\/grupotextil.es\/en\/product\/maleta-de-ruedas-elegante-kathmandu\/","title":{"rendered":"Maleta de ruedas Elegant Kathmandu"},"content":{"rendered":"<ul>\n<li>100% poli\u00e9ster (600D, raya cruzada)<\/li>\n<li>Maleta trolley de lujo<\/li>\n<li>Mango extensible para rodar suavemente<\/li>\n<li>Asas de manos en la parte superior y lateral<\/li>\n<li>Maleta con ruedas espaciosa, \u00fatil y moderna<\/li>\n<li>Gran compartimento central con cremallera<\/li>\n<li>Bolsillo frontal con cremallera<\/li>\n<li>Bolsillo lateral con cremallera<\/li>\n<li>Capacidad: 35 Litros<\/li>\n<li>Medidas: 51 x 33 x 22 cm<\/li>\n<li>Adecuado para serigraf\u00eda, transfer o bordado<\/li>\n<li>M\u00e1x. bordado: 12 aro tubular<\/li>\n<li>M\u00e1x. \u00e1rea de impresi\u00f3n: 16 x 24 cm<\/li>\n<\/ul>","protected":false},"excerpt":{"rendered":"<p>100% poli\u00e9ster (600D, raya cruzada)Maleta trolley de lujoMango extensible para rodar suavementeAsas de manos en la parte superior y lateralMaleta con ruedas espaciosa, \u00fatil y modernaGran compartime&#8230;<\/p>","protected":false},"featured_media":406892,"comment_status":"open","ping_status":"closed","template":"","meta":{"_acf_changed":false},"product_brand":[11660],"product_cat":[13954,13974,13975,13973],"product_tag":[],"class_list":{"0":"post-350946","1":"product","2":"type-product","3":"status-publish","4":"has-post-thumbnail","6":"product_brand-shugon","7":"product_cat-acc-bolsas-y-mochilas","8":"product_cat-ropa-hombre","9":"product_cat-ropa-mujer","10":"product_cat-ropa","11":"tm-no-options","13":"first","14":"instock","15":"taxable","16":"shipping-taxable","17":"product-type-variable"},"acf":[],"_links":{"self":[{"href":"https:\/\/grupotextil.es\/en\/wp-json\/wp\/v2\/product\/350946","targetHints":{"allow":["GET"]}}],"collection":[{"href":"https:\/\/grupotextil.es\/en\/wp-json\/wp\/v2\/product"}],"about":[{"href":"https:\/\/grupotextil.es\/en\/wp-json\/wp\/v2\/types\/product"}],"replies":[{"embeddable":true,"href":"https:\/\/grupotextil.es\/en\/wp-json\/wp\/v2\/comments?post=350946"}],"wp:featuredmedia":[{"embeddable":true,"href":"https:\/\/grupotextil.es\/en\/wp-json\/wp\/v2\/media\/406892"}],"wp:attachment":[{"href":"https:\/\/grupotextil.es\/en\/wp-json\/wp\/v2\/media?parent=350946"}],"wp:term":[{"taxonomy":"product_brand","embeddable":true,"href":"https:\/\/grupotextil.es\/en\/wp-json\/wp\/v2\/product_brand?post=350946"},{"taxonomy":"product_cat","embeddable":true,"href":"https:\/\/grupotextil.es\/en\/wp-json\/wp\/v2\/product_cat?post=350946"},{"taxonomy":"product_tag","embeddable":true,"href":"https:\/\/grupotextil.es\/en\/wp-json\/wp\/v2\/product_tag?post=350946"}],"curies":[{"name":"wp","href":"https:\/\/api.w.org\/{rel}","templated":true}]}}