{"id":350957,"date":"2026-03-08T01:34:23","date_gmt":"2026-03-08T00:34:23","guid":{"rendered":"https:\/\/grupotextil.es\/producto\/bolsa-de-tela-puna-rpet\/"},"modified":"2026-03-08T01:34:23","modified_gmt":"2026-03-08T00:34:23","slug":"bolsa-de-tela-puna-rpet","status":"publish","type":"product","link":"https:\/\/grupotextil.es\/en\/product\/bolsa-de-tela-puna-rpet\/","title":{"rendered":"Bag Fabric Puna rPET"},"content":{"rendered":"<ul>\n<li>150 g\/m\u00b2<\/li>\n<li>100% tereftalato de polietileno (rPET)<\/li>\n<li>Hecho de botellas de pl\u00e1stico 100% recicladas<\/li>\n<li>Bolsa lisa con asas largas<\/li>\n<li>Un solo compartimento adaptable multiusos<\/li>\n<li>Ecoduka\u2122 fabricado con residuos de Recron\u00ae GreenGold en India<\/li>\n<li>Capacidad: 4 Litros<\/li>\n<li>Medidas: 38 x 42 cm<\/li>\n<li>Adecuado para serigraf\u00eda, transfer o bordado<\/li>\n<li>El color blanco tambi\u00e9n es adecuado para la impresi\u00f3n por sublimaci\u00f3n<\/li>\n<li>M\u00e1x. bordado: 20 aro tubular<\/li>\n<li>M\u00e1x. \u00e1rea de impresi\u00f3n: 28 x 28 cm<\/li>\n<\/ul>","protected":false},"excerpt":{"rendered":"<p>150 g\/m\u00b2100% tereftalato de polietileno (rPET)Hecho de botellas de pl\u00e1stico 100% recicladasBolsa lisa con asas largasUn solo compartimento adaptable multiusosEcoduka\u2122 fabricado con residuos de Recr&#8230;<\/p>","protected":false},"featured_media":406922,"comment_status":"open","ping_status":"closed","template":"","meta":{"_acf_changed":false},"product_brand":[11660],"product_cat":[13954,13974,13975,13973],"product_tag":[],"class_list":{"0":"post-350957","1":"product","2":"type-product","3":"status-publish","4":"has-post-thumbnail","6":"product_brand-shugon","7":"product_cat-acc-bolsas-y-mochilas","8":"product_cat-ropa-hombre","9":"product_cat-ropa-mujer","10":"product_cat-ropa","11":"tm-no-options","13":"first","14":"instock","15":"taxable","16":"shipping-taxable","17":"product-type-variable"},"acf":[],"_links":{"self":[{"href":"https:\/\/grupotextil.es\/en\/wp-json\/wp\/v2\/product\/350957","targetHints":{"allow":["GET"]}}],"collection":[{"href":"https:\/\/grupotextil.es\/en\/wp-json\/wp\/v2\/product"}],"about":[{"href":"https:\/\/grupotextil.es\/en\/wp-json\/wp\/v2\/types\/product"}],"replies":[{"embeddable":true,"href":"https:\/\/grupotextil.es\/en\/wp-json\/wp\/v2\/comments?post=350957"}],"wp:featuredmedia":[{"embeddable":true,"href":"https:\/\/grupotextil.es\/en\/wp-json\/wp\/v2\/media\/406922"}],"wp:attachment":[{"href":"https:\/\/grupotextil.es\/en\/wp-json\/wp\/v2\/media?parent=350957"}],"wp:term":[{"taxonomy":"product_brand","embeddable":true,"href":"https:\/\/grupotextil.es\/en\/wp-json\/wp\/v2\/product_brand?post=350957"},{"taxonomy":"product_cat","embeddable":true,"href":"https:\/\/grupotextil.es\/en\/wp-json\/wp\/v2\/product_cat?post=350957"},{"taxonomy":"product_tag","embeddable":true,"href":"https:\/\/grupotextil.es\/en\/wp-json\/wp\/v2\/product_tag?post=350957"}],"curies":[{"name":"wp","href":"https:\/\/api.w.org\/{rel}","templated":true}]}}