{"id":351160,"date":"2026-03-08T01:34:45","date_gmt":"2026-03-08T00:34:45","guid":{"rendered":"https:\/\/grupotextil.es\/producto\/bolsa-reciclada-surat-vital\/"},"modified":"2026-03-08T01:34:45","modified_gmt":"2026-03-08T00:34:45","slug":"bolsa-reciclada-surat-vital","status":"publish","type":"product","link":"https:\/\/grupotextil.es\/en\/product\/bolsa-reciclada-surat-vital\/","title":{"rendered":"Bag reciclado Surat Vital"},"content":{"rendered":"<ul>\n<li>210 g\/m\u00b2<\/li>\n<li>70% Algod\u00f3n (reciclado), 30% Poli\u00e9ster (reciclado)<\/li>\n<li>Hecho de residuos textiles preconsumo y de fibras recicladas CYCLO\u00ae<\/li>\n<li>Bolsa lisa con asas largas<\/li>\n<li>Un solo compartimento adaptable multiusos<\/li>\n<li>Capacidad: 4 Litros<\/li>\n<li>Medidas: 38 x 42 cm<\/li>\n<li>Adecuado para serigraf\u00eda, transfer o bordado<\/li>\n<li>M\u00e1x. bordado: 20 aro tubular<\/li>\n<li>M\u00e1x. \u00e1rea de impresi\u00f3n: 28 x 28 cm<\/li>\n<\/ul>","protected":false},"excerpt":{"rendered":"<p>210 g\/m\u00b270% Algod\u00f3n (reciclado), 30% Poli\u00e9ster (reciclado)Hecho de residuos textiles preconsumo y de fibras recicladas CYCLO\u00aeBolsa lisa con asas largasUn solo compartimento adaptable multiusosCapac&#8230;<\/p>","protected":false},"featured_media":407030,"comment_status":"open","ping_status":"closed","template":"","meta":{"_acf_changed":false},"product_brand":[11660],"product_cat":[13948,13954,13939,13974,13932,13975,13988,13973],"product_tag":[],"class_list":{"0":"post-351160","1":"product","2":"type-product","3":"status-publish","4":"has-post-thumbnail","6":"product_brand-shugon","7":"product_cat-accesorios","8":"product_cat-acc-bolsas-y-mochilas","9":"product_cat-deportivo","10":"product_cat-ropa-hombre","11":"product_cat-hosteleria-horeca","12":"product_cat-ropa-mujer","13":"product_cat-m-polos","14":"product_cat-ropa","15":"tm-no-options","17":"first","18":"instock","19":"taxable","20":"shipping-taxable","21":"product-type-variable"},"acf":[],"_links":{"self":[{"href":"https:\/\/grupotextil.es\/en\/wp-json\/wp\/v2\/product\/351160","targetHints":{"allow":["GET"]}}],"collection":[{"href":"https:\/\/grupotextil.es\/en\/wp-json\/wp\/v2\/product"}],"about":[{"href":"https:\/\/grupotextil.es\/en\/wp-json\/wp\/v2\/types\/product"}],"replies":[{"embeddable":true,"href":"https:\/\/grupotextil.es\/en\/wp-json\/wp\/v2\/comments?post=351160"}],"wp:featuredmedia":[{"embeddable":true,"href":"https:\/\/grupotextil.es\/en\/wp-json\/wp\/v2\/media\/407030"}],"wp:attachment":[{"href":"https:\/\/grupotextil.es\/en\/wp-json\/wp\/v2\/media?parent=351160"}],"wp:term":[{"taxonomy":"product_brand","embeddable":true,"href":"https:\/\/grupotextil.es\/en\/wp-json\/wp\/v2\/product_brand?post=351160"},{"taxonomy":"product_cat","embeddable":true,"href":"https:\/\/grupotextil.es\/en\/wp-json\/wp\/v2\/product_cat?post=351160"},{"taxonomy":"product_tag","embeddable":true,"href":"https:\/\/grupotextil.es\/en\/wp-json\/wp\/v2\/product_tag?post=351160"}],"curies":[{"name":"wp","href":"https:\/\/api.w.org\/{rel}","templated":true}]}}