{"id":351209,"date":"2026-03-08T01:34:48","date_gmt":"2026-03-08T00:34:48","guid":{"rendered":"https:\/\/grupotextil.es\/producto\/guantes-thinsulate-con-forro\/"},"modified":"2026-03-08T01:34:48","modified_gmt":"2026-03-08T00:34:48","slug":"guantes-thinsulate-con-forro","status":"publish","type":"product","link":"https:\/\/grupotextil.es\/en\/product\/guantes-thinsulate-con-forro\/","title":{"rendered":"Glove Thinsulate con forro"},"content":{"rendered":"<ul>\n<li>Exterior: 100% poliacr\u00edlico<\/li>\n<li>Color Charcoal: 50% Poli\u00e9ster, 50% Poliacr\u00edlico<\/li>\n<li>Aislante: 40 g\/m\u00b2 3M\u2122 Thinsulate\u2122<\/li>\n<li>Interior: 100% poli\u00e9ster (Soft Feel Tricot)<\/li>\n<li>Guante de punto con forro polar suave<\/li>\n<li>Apropiados para bordar<\/li>\n<\/ul>","protected":false},"excerpt":{"rendered":"<p>Exterior: 100% poliacr\u00edlicoColor Charcoal: 50% Poli\u00e9ster, 50% Poliacr\u00edlicoAislante: 40 g\/m\u00b2 3M\u2122 Thinsulate\u2122Interior: 100% poli\u00e9ster (Soft Feel Tricot)Guante de punto con forro polar suaveApropiados pa<\/p>","protected":false},"featured_media":407097,"comment_status":"open","ping_status":"closed","template":"","meta":{"_acf_changed":false},"product_brand":[11669],"product_cat":[13948,13954,13939,13974,13932,13975,13988,13973],"product_tag":[],"class_list":{"0":"post-351209","1":"product","2":"type-product","3":"status-publish","4":"has-post-thumbnail","6":"product_brand-result","7":"product_cat-accesorios","8":"product_cat-acc-bolsas-y-mochilas","9":"product_cat-deportivo","10":"product_cat-ropa-hombre","11":"product_cat-hosteleria-horeca","12":"product_cat-ropa-mujer","13":"product_cat-m-polos","14":"product_cat-ropa","15":"tm-no-options","17":"first","18":"instock","19":"taxable","20":"shipping-taxable","21":"product-type-variable"},"acf":[],"_links":{"self":[{"href":"https:\/\/grupotextil.es\/en\/wp-json\/wp\/v2\/product\/351209","targetHints":{"allow":["GET"]}}],"collection":[{"href":"https:\/\/grupotextil.es\/en\/wp-json\/wp\/v2\/product"}],"about":[{"href":"https:\/\/grupotextil.es\/en\/wp-json\/wp\/v2\/types\/product"}],"replies":[{"embeddable":true,"href":"https:\/\/grupotextil.es\/en\/wp-json\/wp\/v2\/comments?post=351209"}],"wp:featuredmedia":[{"embeddable":true,"href":"https:\/\/grupotextil.es\/en\/wp-json\/wp\/v2\/media\/407097"}],"wp:attachment":[{"href":"https:\/\/grupotextil.es\/en\/wp-json\/wp\/v2\/media?parent=351209"}],"wp:term":[{"taxonomy":"product_brand","embeddable":true,"href":"https:\/\/grupotextil.es\/en\/wp-json\/wp\/v2\/product_brand?post=351209"},{"taxonomy":"product_cat","embeddable":true,"href":"https:\/\/grupotextil.es\/en\/wp-json\/wp\/v2\/product_cat?post=351209"},{"taxonomy":"product_tag","embeddable":true,"href":"https:\/\/grupotextil.es\/en\/wp-json\/wp\/v2\/product_tag?post=351209"}],"curies":[{"name":"wp","href":"https:\/\/api.w.org\/{rel}","templated":true}]}}