{"id":351231,"date":"2026-03-08T01:34:49","date_gmt":"2026-03-08T00:34:49","guid":{"rendered":"https:\/\/grupotextil.es\/producto\/gorro-con-1-nudo-bebe\/"},"modified":"2026-03-08T01:34:49","modified_gmt":"2026-03-08T00:34:49","slug":"gorro-con-1-nudo-bebe","status":"publish","type":"product","link":"https:\/\/grupotextil.es\/en\/product\/gorro-con-1-nudo-bebe\/","title":{"rendered":"Beanie con 1 nudo beb\u00e9"},"content":{"rendered":"<ul>\n<li>200 g\/m\u00b2<\/li>\n<li>100% algod\u00f3n peinado (en algunos modelos algod\u00f3n org\u00e1nico)<\/li>\n<li>Heather Grey Melange: 85% algod\u00f3n, 15% viscosa<\/li>\n<li>Interlock<\/li>\n<li>Dobladillo no cosido ancho con doble costura<\/li>\n<li>1 nudo decorativo en la parte superior<\/li>\n<\/ul>","protected":false},"excerpt":{"rendered":"<p>200 g\/m\u00b2100% algod\u00f3n peinado (en algunos modelos algod\u00f3n org\u00e1nico)Heather Grey Melange: 85% algod\u00f3n, 15% viscosaInterlockDobladillo no cosido ancho con doble costura1 nudo decorativo en la parte super<\/p>","protected":false},"featured_media":407109,"comment_status":"open","ping_status":"closed","template":"","meta":{"_acf_changed":false},"product_brand":[11662],"product_cat":[13948,13954,13939,13974,13932,13975,13988,13973],"product_tag":[],"class_list":{"0":"post-351231","1":"product","2":"type-product","3":"status-publish","4":"has-post-thumbnail","6":"product_brand-babybugz","7":"product_cat-accesorios","8":"product_cat-acc-bolsas-y-mochilas","9":"product_cat-deportivo","10":"product_cat-ropa-hombre","11":"product_cat-hosteleria-horeca","12":"product_cat-ropa-mujer","13":"product_cat-m-polos","14":"product_cat-ropa","15":"tm-no-options","17":"first","18":"instock","19":"taxable","20":"shipping-taxable","21":"product-type-variable"},"acf":[],"_links":{"self":[{"href":"https:\/\/grupotextil.es\/en\/wp-json\/wp\/v2\/product\/351231","targetHints":{"allow":["GET"]}}],"collection":[{"href":"https:\/\/grupotextil.es\/en\/wp-json\/wp\/v2\/product"}],"about":[{"href":"https:\/\/grupotextil.es\/en\/wp-json\/wp\/v2\/types\/product"}],"replies":[{"embeddable":true,"href":"https:\/\/grupotextil.es\/en\/wp-json\/wp\/v2\/comments?post=351231"}],"wp:featuredmedia":[{"embeddable":true,"href":"https:\/\/grupotextil.es\/en\/wp-json\/wp\/v2\/media\/407109"}],"wp:attachment":[{"href":"https:\/\/grupotextil.es\/en\/wp-json\/wp\/v2\/media?parent=351231"}],"wp:term":[{"taxonomy":"product_brand","embeddable":true,"href":"https:\/\/grupotextil.es\/en\/wp-json\/wp\/v2\/product_brand?post=351231"},{"taxonomy":"product_cat","embeddable":true,"href":"https:\/\/grupotextil.es\/en\/wp-json\/wp\/v2\/product_cat?post=351231"},{"taxonomy":"product_tag","embeddable":true,"href":"https:\/\/grupotextil.es\/en\/wp-json\/wp\/v2\/product_tag?post=351231"}],"curies":[{"name":"wp","href":"https:\/\/api.w.org\/{rel}","templated":true}]}}