{"id":351244,"date":"2026-03-08T01:34:50","date_gmt":"2026-03-08T00:34:50","guid":{"rendered":"https:\/\/grupotextil.es\/producto\/guantes-elite\/"},"modified":"2026-03-08T01:34:50","modified_gmt":"2026-03-08T00:34:50","slug":"guantes-elite","status":"publish","type":"product","link":"https:\/\/grupotextil.es\/en\/product\/guantes-elite\/","title":{"rendered":"Glove Elite"},"content":{"rendered":"<ul>\n<li>100% poliester<\/li>\n<li>Extremadamente ligeros<\/li>\n<li>Secado r\u00e1pido, resistente al viento<\/li>\n<li>Panel para el sudor<\/li>\n<li>Pu\u00f1os el\u00e1sticos<\/li>\n<li>Detalles reflectantes<\/li>\n<li>Unisex.<\/li>\n<\/ul>","protected":false},"excerpt":{"rendered":"<p>100% poliesterExtremadamente ligerosSecado r\u00e1pido, resistente al vientoPanel para el sudorPu\u00f1os el\u00e1sticosDetalles reflectantesUnisex.<\/p>","protected":false},"featured_media":407115,"comment_status":"open","ping_status":"closed","template":"","meta":{"_acf_changed":false},"product_brand":[11669],"product_cat":[13948,13954,13939,13974,13932,13975,13988,13973],"product_tag":[],"class_list":{"0":"post-351244","1":"product","2":"type-product","3":"status-publish","4":"has-post-thumbnail","6":"product_brand-result","7":"product_cat-accesorios","8":"product_cat-acc-bolsas-y-mochilas","9":"product_cat-deportivo","10":"product_cat-ropa-hombre","11":"product_cat-hosteleria-horeca","12":"product_cat-ropa-mujer","13":"product_cat-m-polos","14":"product_cat-ropa","15":"tm-no-options","17":"first","18":"instock","19":"taxable","20":"shipping-taxable","21":"product-type-variable"},"acf":[],"_links":{"self":[{"href":"https:\/\/grupotextil.es\/en\/wp-json\/wp\/v2\/product\/351244","targetHints":{"allow":["GET"]}}],"collection":[{"href":"https:\/\/grupotextil.es\/en\/wp-json\/wp\/v2\/product"}],"about":[{"href":"https:\/\/grupotextil.es\/en\/wp-json\/wp\/v2\/types\/product"}],"replies":[{"embeddable":true,"href":"https:\/\/grupotextil.es\/en\/wp-json\/wp\/v2\/comments?post=351244"}],"wp:featuredmedia":[{"embeddable":true,"href":"https:\/\/grupotextil.es\/en\/wp-json\/wp\/v2\/media\/407115"}],"wp:attachment":[{"href":"https:\/\/grupotextil.es\/en\/wp-json\/wp\/v2\/media?parent=351244"}],"wp:term":[{"taxonomy":"product_brand","embeddable":true,"href":"https:\/\/grupotextil.es\/en\/wp-json\/wp\/v2\/product_brand?post=351244"},{"taxonomy":"product_cat","embeddable":true,"href":"https:\/\/grupotextil.es\/en\/wp-json\/wp\/v2\/product_cat?post=351244"},{"taxonomy":"product_tag","embeddable":true,"href":"https:\/\/grupotextil.es\/en\/wp-json\/wp\/v2\/product_tag?post=351244"}],"curies":[{"name":"wp","href":"https:\/\/api.w.org\/{rel}","templated":true}]}}