{"id":351299,"date":"2026-03-08T01:34:53","date_gmt":"2026-03-08T00:34:53","guid":{"rendered":"https:\/\/grupotextil.es\/producto\/bolsa-grab\/"},"modified":"2026-03-08T01:34:53","modified_gmt":"2026-03-08T00:34:53","slug":"bolsa-grab","status":"publish","type":"product","link":"https:\/\/grupotextil.es\/en\/product\/bolsa-grab\/","title":{"rendered":"Bag Grab"},"content":{"rendered":"<ul>\n<li>100% poli\u00e9ster (600D)<\/li>\n<li>Tama\u00f1o ideal para mini iPad\/tabletas<\/li>\n<li>Compartimento principal con cremallera<\/li>\n<li>Etiqueta extra\u00edble<\/li>\n<li>Capacidad: 1,5 litros<\/li>\n<li>Dimensiones: 28 x 19 cm<\/li>\n<li>M\u00e1ximo bordado: aro tubular 12<\/li>\n<li>\u00c1rea de impresi\u00f3n: 25 x 16 cm.<\/li>\n<\/ul>","protected":false},"excerpt":{"rendered":"<p>100% poli\u00e9ster (600D)Tama\u00f1o ideal para mini iPad\/tabletasCompartimento principal con cremalleraEtiqueta extra\u00edbleCapacidad: 1,5 litrosDimensiones: 28 x 19 cmM\u00e1ximo bordado: aro tubular 12\u00c1rea de im&#8230;<\/p>","protected":false},"featured_media":407166,"comment_status":"open","ping_status":"closed","template":"","meta":{"_acf_changed":false},"product_brand":[11668],"product_cat":[13948,13954,13939,13974,13932,13975,13988,13973],"product_tag":[],"class_list":{"0":"post-351299","1":"product","2":"type-product","3":"status-publish","4":"has-post-thumbnail","6":"product_brand-bag-base","7":"product_cat-accesorios","8":"product_cat-acc-bolsas-y-mochilas","9":"product_cat-deportivo","10":"product_cat-ropa-hombre","11":"product_cat-hosteleria-horeca","12":"product_cat-ropa-mujer","13":"product_cat-m-polos","14":"product_cat-ropa","15":"tm-no-options","17":"first","18":"instock","19":"taxable","20":"shipping-taxable","21":"product-type-variable"},"acf":[],"_links":{"self":[{"href":"https:\/\/grupotextil.es\/en\/wp-json\/wp\/v2\/product\/351299","targetHints":{"allow":["GET"]}}],"collection":[{"href":"https:\/\/grupotextil.es\/en\/wp-json\/wp\/v2\/product"}],"about":[{"href":"https:\/\/grupotextil.es\/en\/wp-json\/wp\/v2\/types\/product"}],"replies":[{"embeddable":true,"href":"https:\/\/grupotextil.es\/en\/wp-json\/wp\/v2\/comments?post=351299"}],"wp:featuredmedia":[{"embeddable":true,"href":"https:\/\/grupotextil.es\/en\/wp-json\/wp\/v2\/media\/407166"}],"wp:attachment":[{"href":"https:\/\/grupotextil.es\/en\/wp-json\/wp\/v2\/media?parent=351299"}],"wp:term":[{"taxonomy":"product_brand","embeddable":true,"href":"https:\/\/grupotextil.es\/en\/wp-json\/wp\/v2\/product_brand?post=351299"},{"taxonomy":"product_cat","embeddable":true,"href":"https:\/\/grupotextil.es\/en\/wp-json\/wp\/v2\/product_cat?post=351299"},{"taxonomy":"product_tag","embeddable":true,"href":"https:\/\/grupotextil.es\/en\/wp-json\/wp\/v2\/product_tag?post=351299"}],"curies":[{"name":"wp","href":"https:\/\/api.w.org\/{rel}","templated":true}]}}