{"id":351325,"date":"2026-03-08T01:34:54","date_gmt":"2026-03-08T00:34:54","guid":{"rendered":"https:\/\/grupotextil.es\/producto\/bolsa-mini-barrel\/"},"modified":"2026-03-08T01:34:54","modified_gmt":"2026-03-08T00:34:54","slug":"bolsa-mini-barrel","status":"publish","type":"product","link":"https:\/\/grupotextil.es\/en\/product\/bolsa-mini-barrel\/","title":{"rendered":"Bag Mini Barrel"},"content":{"rendered":"<ul>\n<li>100% poli\u00e9ster (600D)<\/li>\n<li>Asas de mano<\/li>\n<li>Correa ajustable y desmontable<\/li>\n<li>Bolsillo con cremallera<\/li>\n<li>Etiqueta extra\u00edble<\/li>\n<li>Capacidad: 12 Litros<\/li>\n<li>Dimensiones: 40 x 20 x 20 cm<\/li>\n<li>M\u00e1ximo bordado: aro tubular 12<\/li>\n<li>\u00c1rea de impresi\u00f3n: 11 x 11 cm<\/li>\n<\/ul>","protected":false},"excerpt":{"rendered":"<p>100% poli\u00e9ster (600D)Asas de manoCorrea ajustable y desmontableBolsillo con cremalleraEtiqueta extra\u00edbleCapacidad: 12 LitrosDimensiones: 40 x 20 x 20 cmM\u00e1ximo bordado: aro tubular 12\u00c1rea de impresi\u00f3n:<\/p>","protected":false},"featured_media":407209,"comment_status":"open","ping_status":"closed","template":"","meta":{"_acf_changed":false},"product_brand":[11668],"product_cat":[13948,13954,13939,13976],"product_tag":[],"class_list":{"0":"post-351325","1":"product","2":"type-product","3":"status-publish","4":"has-post-thumbnail","6":"product_brand-bag-base","7":"product_cat-accesorios","8":"product_cat-acc-bolsas-y-mochilas","9":"product_cat-deportivo","10":"product_cat-ropa-nino","11":"tm-no-options","13":"first","14":"instock","15":"taxable","16":"shipping-taxable","17":"product-type-variable"},"acf":[],"_links":{"self":[{"href":"https:\/\/grupotextil.es\/en\/wp-json\/wp\/v2\/product\/351325","targetHints":{"allow":["GET"]}}],"collection":[{"href":"https:\/\/grupotextil.es\/en\/wp-json\/wp\/v2\/product"}],"about":[{"href":"https:\/\/grupotextil.es\/en\/wp-json\/wp\/v2\/types\/product"}],"replies":[{"embeddable":true,"href":"https:\/\/grupotextil.es\/en\/wp-json\/wp\/v2\/comments?post=351325"}],"wp:featuredmedia":[{"embeddable":true,"href":"https:\/\/grupotextil.es\/en\/wp-json\/wp\/v2\/media\/407209"}],"wp:attachment":[{"href":"https:\/\/grupotextil.es\/en\/wp-json\/wp\/v2\/media?parent=351325"}],"wp:term":[{"taxonomy":"product_brand","embeddable":true,"href":"https:\/\/grupotextil.es\/en\/wp-json\/wp\/v2\/product_brand?post=351325"},{"taxonomy":"product_cat","embeddable":true,"href":"https:\/\/grupotextil.es\/en\/wp-json\/wp\/v2\/product_cat?post=351325"},{"taxonomy":"product_tag","embeddable":true,"href":"https:\/\/grupotextil.es\/en\/wp-json\/wp\/v2\/product_tag?post=351325"}],"curies":[{"name":"wp","href":"https:\/\/api.w.org\/{rel}","templated":true}]}}