{"id":351404,"date":"2026-03-08T01:34:58","date_gmt":"2026-03-08T00:34:58","guid":{"rendered":"https:\/\/grupotextil.es\/producto\/pantalon-corto-bodyfit-hombre\/"},"modified":"2026-03-08T01:34:58","modified_gmt":"2026-03-08T00:34:58","slug":"pantalon-corto-bodyfit-hombre","status":"publish","type":"product","link":"https:\/\/grupotextil.es\/en\/product\/pantalon-corto-bodyfit-hombre\/","title":{"rendered":"Pantal\u00f3n corto Bodyfit hombre"},"content":{"rendered":"<ul>\n<li>200 g\/m\u00b2<\/li>\n<li>80% poliamida (nylon), 20% elast\u00e1n<\/li>\n<li>Transpirable<\/li>\n<li>Cintura el\u00e1stica y cord\u00f3n<\/li>\n<li>Costura plana en las costuras laterales<\/li>\n<li>Paneles con puntadas en contraste en la pierna<\/li>\n<li>Bolsillo interior para llaves<\/li>\n<li>Logo impreso SPIRO ultra reflectante en el muslo izquierdo y en bajo de lapierna derecha<\/li>\n<li>Adecuado para bordar y transfer<\/li>\n<\/ul>","protected":false},"excerpt":{"rendered":"<p>200 g\/m\u00b280% poliamida (nylon), 20% elast\u00e1nTranspirableCintura el\u00e1stica y cord\u00f3nCostura plana en las costuras lateralesPaneles con puntadas en contraste en la piernaBolsillo interior para llavesLogo im<\/p>","protected":false},"featured_media":407332,"comment_status":"open","ping_status":"closed","template":"","meta":{"_acf_changed":false},"product_brand":[11669],"product_cat":[13948,13954,13939,13976],"product_tag":[],"class_list":{"0":"post-351404","1":"product","2":"type-product","3":"status-publish","4":"has-post-thumbnail","6":"product_brand-result","7":"product_cat-accesorios","8":"product_cat-acc-bolsas-y-mochilas","9":"product_cat-deportivo","10":"product_cat-ropa-nino","11":"tm-no-options","13":"first","14":"instock","15":"taxable","16":"shipping-taxable","17":"product-type-variable"},"acf":[],"_links":{"self":[{"href":"https:\/\/grupotextil.es\/en\/wp-json\/wp\/v2\/product\/351404","targetHints":{"allow":["GET"]}}],"collection":[{"href":"https:\/\/grupotextil.es\/en\/wp-json\/wp\/v2\/product"}],"about":[{"href":"https:\/\/grupotextil.es\/en\/wp-json\/wp\/v2\/types\/product"}],"replies":[{"embeddable":true,"href":"https:\/\/grupotextil.es\/en\/wp-json\/wp\/v2\/comments?post=351404"}],"wp:featuredmedia":[{"embeddable":true,"href":"https:\/\/grupotextil.es\/en\/wp-json\/wp\/v2\/media\/407332"}],"wp:attachment":[{"href":"https:\/\/grupotextil.es\/en\/wp-json\/wp\/v2\/media?parent=351404"}],"wp:term":[{"taxonomy":"product_brand","embeddable":true,"href":"https:\/\/grupotextil.es\/en\/wp-json\/wp\/v2\/product_brand?post=351404"},{"taxonomy":"product_cat","embeddable":true,"href":"https:\/\/grupotextil.es\/en\/wp-json\/wp\/v2\/product_cat?post=351404"},{"taxonomy":"product_tag","embeddable":true,"href":"https:\/\/grupotextil.es\/en\/wp-json\/wp\/v2\/product_tag?post=351404"}],"curies":[{"name":"wp","href":"https:\/\/api.w.org\/{rel}","templated":true}]}}