{"id":351408,"date":"2026-03-08T01:34:58","date_gmt":"2026-03-08T00:34:58","guid":{"rendered":"https:\/\/grupotextil.es\/producto\/gorra-dad\/"},"modified":"2026-03-08T01:34:58","modified_gmt":"2026-03-08T00:34:58","slug":"gorra-dad","status":"publish","type":"product","link":"https:\/\/grupotextil.es\/en\/product\/gorra-dad\/","title":{"rendered":"Cap Dad"},"content":{"rendered":"<ul>\n<li>100% algod\u00f3n<\/li>\n<li>Corona suave<\/li>\n<li>6 paneles, perfil bajo<\/li>\n<li>Visera pre-curvada<\/li>\n<li>Ojales ventilaci\u00f3n cosidos<\/li>\n<li>Cierre del mismo tejido con hebilla deslizable<\/li>\n<li>Etiqueta extra\u00edble<\/li>\n<\/ul>","protected":false},"excerpt":{"rendered":"<p>100% algod\u00f3nCorona suave6 paneles, perfil bajoVisera pre-curvadaOjales ventilaci\u00f3n cosidosCierre del mismo tejido con hebilla deslizableEtiqueta extra\u00edble<\/p>","protected":false},"featured_media":407349,"comment_status":"open","ping_status":"closed","template":"","meta":{"_acf_changed":false},"product_brand":[11655],"product_cat":[13948,13954,13939,13976],"product_tag":[14009],"class_list":{"0":"post-351408","1":"product","2":"type-product","3":"status-publish","4":"has-post-thumbnail","6":"product_brand-beechfield","7":"product_cat-accesorios","8":"product_cat-acc-bolsas-y-mochilas","9":"product_cat-deportivo","10":"product_cat-ropa-nino","11":"product_tag-top-ventas","12":"tm-no-options","14":"first","15":"instock","16":"taxable","17":"shipping-taxable","18":"product-type-variable"},"acf":[],"_links":{"self":[{"href":"https:\/\/grupotextil.es\/en\/wp-json\/wp\/v2\/product\/351408","targetHints":{"allow":["GET"]}}],"collection":[{"href":"https:\/\/grupotextil.es\/en\/wp-json\/wp\/v2\/product"}],"about":[{"href":"https:\/\/grupotextil.es\/en\/wp-json\/wp\/v2\/types\/product"}],"replies":[{"embeddable":true,"href":"https:\/\/grupotextil.es\/en\/wp-json\/wp\/v2\/comments?post=351408"}],"wp:featuredmedia":[{"embeddable":true,"href":"https:\/\/grupotextil.es\/en\/wp-json\/wp\/v2\/media\/407349"}],"wp:attachment":[{"href":"https:\/\/grupotextil.es\/en\/wp-json\/wp\/v2\/media?parent=351408"}],"wp:term":[{"taxonomy":"product_brand","embeddable":true,"href":"https:\/\/grupotextil.es\/en\/wp-json\/wp\/v2\/product_brand?post=351408"},{"taxonomy":"product_cat","embeddable":true,"href":"https:\/\/grupotextil.es\/en\/wp-json\/wp\/v2\/product_cat?post=351408"},{"taxonomy":"product_tag","embeddable":true,"href":"https:\/\/grupotextil.es\/en\/wp-json\/wp\/v2\/product_tag?post=351408"}],"curies":[{"name":"wp","href":"https:\/\/api.w.org\/{rel}","templated":true}]}}