{"id":351451,"date":"2026-03-08T01:35:05","date_gmt":"2026-03-08T00:35:05","guid":{"rendered":"https:\/\/grupotextil.es\/producto\/peto-organico-denim-rocks-bebe\/"},"modified":"2026-03-08T01:35:05","modified_gmt":"2026-03-08T00:35:05","slug":"peto-organico-denim-rocks-bebe","status":"publish","type":"product","link":"https:\/\/grupotextil.es\/en\/product\/peto-organico-denim-rocks-bebe\/","title":{"rendered":"Peto org\u00e1nico Denim Rocks beb\u00e9"},"content":{"rendered":"<ul>\n<li>305 g\/m\u00b2<\/li>\n<li>100% algod\u00f3n org\u00e1nico<\/li>\n<li>Tejido estilo jeans<\/li>\n<li>Sin costuras centrales en parte delantera y trasera<\/li>\n<li>Cierre con corchetes en los laterales<\/li>\n<li>Ca\u00edda en la entrepierna<\/li>\n<li>Dobladillo en los bajos<\/li>\n<li>Etiqueta extra\u00edble<\/li>\n<\/ul>","protected":false},"excerpt":{"rendered":"<p>305 g\/m\u00b2100% algod\u00f3n org\u00e1nicoTejido estilo jeansSin costuras centrales en parte delantera y traseraCierre con corchetes en los lateralesCa\u00edda en la entrepiernaDobladillo en los bajosEtiqueta extra\u00edble<\/p>","protected":false},"featured_media":407405,"comment_status":"open","ping_status":"closed","template":"","meta":{"_acf_changed":false},"product_brand":[11662],"product_cat":[13948,13954,13939,13976],"product_tag":[],"class_list":{"0":"post-351451","1":"product","2":"type-product","3":"status-publish","4":"has-post-thumbnail","6":"product_brand-babybugz","7":"product_cat-accesorios","8":"product_cat-acc-bolsas-y-mochilas","9":"product_cat-deportivo","10":"product_cat-ropa-nino","11":"tm-no-options","13":"first","14":"instock","15":"taxable","16":"shipping-taxable","17":"product-type-variable"},"acf":[],"_links":{"self":[{"href":"https:\/\/grupotextil.es\/en\/wp-json\/wp\/v2\/product\/351451","targetHints":{"allow":["GET"]}}],"collection":[{"href":"https:\/\/grupotextil.es\/en\/wp-json\/wp\/v2\/product"}],"about":[{"href":"https:\/\/grupotextil.es\/en\/wp-json\/wp\/v2\/types\/product"}],"replies":[{"embeddable":true,"href":"https:\/\/grupotextil.es\/en\/wp-json\/wp\/v2\/comments?post=351451"}],"wp:featuredmedia":[{"embeddable":true,"href":"https:\/\/grupotextil.es\/en\/wp-json\/wp\/v2\/media\/407405"}],"wp:attachment":[{"href":"https:\/\/grupotextil.es\/en\/wp-json\/wp\/v2\/media?parent=351451"}],"wp:term":[{"taxonomy":"product_brand","embeddable":true,"href":"https:\/\/grupotextil.es\/en\/wp-json\/wp\/v2\/product_brand?post=351451"},{"taxonomy":"product_cat","embeddable":true,"href":"https:\/\/grupotextil.es\/en\/wp-json\/wp\/v2\/product_cat?post=351451"},{"taxonomy":"product_tag","embeddable":true,"href":"https:\/\/grupotextil.es\/en\/wp-json\/wp\/v2\/product_tag?post=351451"}],"curies":[{"name":"wp","href":"https:\/\/api.w.org\/{rel}","templated":true}]}}